{"id":6962,"date":"2023-10-16T08:51:31","date_gmt":"2023-10-16T06:51:31","guid":{"rendered":"https:\/\/www.modularis-drive.com\/cookies\/"},"modified":"2025-07-28T12:45:47","modified_gmt":"2025-07-28T10:45:47","slug":"cookies","status":"publish","type":"page","link":"https:\/\/www.modularis-drive.com\/de\/cookies\/","title":{"rendered":"Cookies"},"content":{"rendered":"<div class=\"wpb-content-wrapper\"><p>[vc_row full_width=&#8220;stretch_row_content_no_spaces&#8220; el_class=&#8220;sp-page-title&#8220;][vc_column]\t\t\n\t\t<div class=\"title-banner\" style=\"background-image: linear-gradient(rgba(29, 30, 33, 0.85),rgba(29, 30, 33, 0.85)),url(https:\/\/www.modularis-drive.com\/wp-content\/uploads\/2023\/12\/modularis-sp-title-bg.jpg);\">\n\t\t\t<div class=\"container\">\n\t\t\t\t<div class=\"breadcrumbs-container\">\n\t\t\t\t\t\t<div class=\"breadcrumbs\">\n\t\t\t\t\t\t\t\n\t<ul class=\"ns-breadcrumbs\">\n\t\t\t<li><a href=\"https:\/\/www.modularis-drive.com\/de\/\">Startseite<\/a><\/li>\n\t\t\t\t<li>Cookies<\/li>\n\t<\/ul>\n\t\n\t\t\t\t\t\t\t\t<div class=\"clearfix\"><\/div>\n\t\t\t\t\t\t<\/div>\n\t\t\t\t<\/div>\n\t\t\t\t<h1 class=\"entry-title\">Cookies<\/h1>\n\t\t\t\t\t\t\t<\/div>\n\t\t<\/div>\n\n\t\t[\/vc_column][\/vc_row][vc_row][vc_column][vc_column_text]<\/p>\n<div class=\"vc_row wpb_row vc_row-fluid\">\n<div class=\"wpb_column vc_column_container vc_col-sm-12\">\n<div class=\"vc_column-inner \">\n<div class=\"wpb_wrapper\">\n<div class=\"wpb_text_column wpb_content_element \">\n<div class=\"wpb_wrapper\">\n<p>Cookies sind kleine Dateien, die auf Ihren Computer geladen werden, um das Kundenerlebnis zu verbessern.<\/p>\n<p>Cookies sind nicht sch\u00e4dlich und sind immer zeitlich begrenzt.<\/p>\n<p>Wir verwenden die folgenden Cookies:<\/p>\n<p>Gruppe 1:<br \/>\nSie sind ein Schl\u00fcssel und ohne sie funktioniert die Website nicht so, wie sie sollte. Passen Sie sie an, wenn Sie das Formular abschicken, einen Online-Kauf unterschreiben oder irgendeine Interaktion mit der Website durchf\u00fchren, die \u00fcber das Klicken auf einfache Links hinausgeht. F\u00fcr diese Cookies ben\u00f6tigen wir nicht Ihre Zustimmung.<\/p>\n<p>Gruppe 2:<br \/>\nSie analysieren den Verkehr auf Websites, die das Benutzererlebnis verbessern k\u00f6nnen. Durch die Nutzung der Website stimmen Sie der Installation auf Ihrem Computer zu.<\/p>\n<p>Gruppe 3:<br \/>\nCookies unserer Partnerdienste, wie Facebook, Twitter und Google und andere. Wenn Sie nicht zustimmen, werden keine Cookies gesetzt, aber es kann vorkommen, dass einige der interessanten Funktionen der Website dann nicht verf\u00fcgbar sind.<\/p>\n<p>Wie Sie Cookies auf Ihrem PC verwalten und deaktivieren k\u00f6nnen:<\/p>\n<p>Die Speicherung von Cookies unterliegt Ihrer vollen Kontrolle, da der von Ihnen verwendete Browser die Speicherung von Cookies einschr\u00e4nken oder deaktivieren kann.<\/p>\n<p>Um Informationen zu den Einstellungen f\u00fcr Cookies zu erhalten, w\u00e4hlen Sie den von Ihnen verwendeten Webbrowser.<\/p>\n<p><a href=\"https:\/\/support.google.com\/chrome\/answer\/95647?hl=sl-sl&amp;p=cpn_cookies\" target=\"_blank\" rel=\"noopener\">Chrome<\/a><br \/>\n<a href=\"http:\/\/support.mozilla.org\/sl\/kb\/Kako%20aktivirate%20in%20deaktivirate%20pi%C5%A1kote\" target=\"_blank\" rel=\"noopener\">Firefox<\/a><br \/>\n<a href=\"http:\/\/windows.microsoft.com\/sl-si\/windows7\/how-to-manage-cookies-in-internet-explorer-9\" target=\"_blank\" rel=\"noopener\">Internet Explorer 9<\/a><br \/>\n<a href=\"http:\/\/windows.microsoft.com\/sl-si\/windows-vista\/block-or-allow-cookies\" target=\"_blank\" rel=\"noopener\">Internet Explorer 7 oder 8<\/a><br \/>\n<a href=\"http:\/\/www.opera.com\/help\/tutorials\/security\/cookies\/\" target=\"_blank\" rel=\"noopener\">Opera<\/a><br \/>\n<a href=\"http:\/\/support.apple.com\/kb\/PH11913\" target=\"_blank\" rel=\"noopener\">Safari<\/a><\/p>\n<p>Wenn Sie Cookies deaktivieren, werden einige M\u00f6glichkeiten der Website deaktiviert.<\/p>\n<p>Liste der von dieser Website verwendeten Cookies:<\/p>\n<\/div>\n<\/div>\n<\/div>\n<\/div>\n<\/div>\n<\/div>\n<div class=\"vc_row wpb_row vc_row-fluid\">\n<div class=\"wpb_column vc_column_container vc_col-sm-3\">\n<div class=\"vc_column-inner \">\n<div class=\"wpb_wrapper\">\n<div class=\"wpb_text_column wpb_content_element \">\n<div class=\"wpb_wrapper\">\n<ul>\n<li>COOKIE NAME: __utma<\/li>\n<li>BESCHREIBUNG: Statistik der Seitenansicht<\/li>\n<li>DIENSTLEISTUNGEN: Google Analytics<\/li>\n<li>ABLAUF DER COOKIE-ZEIT: 2 Jahre<\/li>\n<\/ul>\n<\/div>\n<\/div>\n<\/div>\n<\/div>\n<\/div>\n<div class=\"wpb_column vc_column_container vc_col-sm-3\">\n<div class=\"vc_column-inner \">\n<div class=\"wpb_wrapper\">\n<div class=\"wpb_text_column wpb_content_element \">\n<div class=\"wpb_wrapper\">\n<ul>\n<li>COOKIE-NAME: __utmb<\/li>\n<li>BESCHREIBUNG: Statistik der Seitenansicht<\/li>\n<li>DIENSTLEISTUNGEN: Google Analytics<\/li>\n<li>ABLAUF DER COOKIE-ZEIT: 1 Tag<\/li>\n<\/ul>\n<\/div>\n<\/div>\n<\/div>\n<\/div>\n<\/div>\n<div class=\"wpb_column vc_column_container vc_col-sm-3\">\n<div class=\"vc_column-inner \">\n<div class=\"wpb_wrapper\">\n<div class=\"wpb_text_column wpb_content_element \">\n<div class=\"wpb_wrapper\">\n<ul>\n<li>COOKIE NAME: __utmc<\/li>\n<li>BESCHREIBUNG: Statistik der Seitenansicht<\/li>\n<li>DIENSTLEISTUNGEN: Google Analytics<\/li>\n<li>ABLAUF DER COOKIE-ZEIT: Ende dieser Sitzung<\/li>\n<\/ul>\n<\/div>\n<\/div>\n<\/div>\n<\/div>\n<\/div>\n<div class=\"wpb_column vc_column_container vc_col-sm-3\">\n<div class=\"vc_column-inner \">\n<div class=\"wpb_wrapper\">\n<div class=\"wpb_text_column wpb_content_element \">\n<div class=\"wpb_wrapper\">\n<ul>\n<li>COOKIE-NAME: __utmz<\/li>\n<li>BESCHREIBUNG: Statistik der Seitenansicht<\/li>\n<li>DIENSTLEISTUNGEN: Google Analytics<\/li>\n<li>ABLAUF DER COOKIE-ZEIT: 6 Monate<\/li>\n<\/ul>\n<\/div>\n<\/div>\n<\/div>\n<\/div>\n<\/div>\n<\/div>\n<h2><\/h2>\n<p>[\/vc_column_text][\/vc_column][\/vc_row][vc_row][vc_column][vc_empty_space][\/vc_column][\/vc_row]<\/p>\n<\/div>","protected":false},"excerpt":{"rendered":"<p>[vc_row full_width=&#8220;stretch_row_content_no_spaces&#8220; el_class=&#8220;sp-page-title&#8220;][vc_column][\/vc_column][\/vc_row][vc_row][vc_column][vc_column_text] Cookies sind kleine Dateien, die auf Ihren Computer geladen werden, um das Kundenerlebnis zu verbessern. Cookies sind nicht sch\u00e4dlich und sind immer zeitlich begrenzt. Wir verwenden die folgenden Cookies: Gruppe 1: Sie sind ein Schl\u00fcssel und ohne sie funktioniert die Website nicht so, wie sie sollte. Passen Sie sie an, wenn Sie das Formular abschicken, einen Online-Kauf unterschreiben oder irgendeine Interaktion mit der Website durchf\u00fchren, die \u00fcber das Klicken auf einfache Links hinausgeht. F\u00fcr diese Cookies ben\u00f6tigen wir nicht Ihre Zustimmung. Gruppe 2: Sie analysieren den Verkehr auf Websites, die das Benutzererlebnis verbessern k\u00f6nnen. Durch die Nutzung der Website stimmen Sie der Installation auf Ihrem Computer zu. Gruppe 3: Cookies unserer Partnerdienste, wie Facebook, Twitter und Google [&hellip;]<\/p>\n","protected":false},"author":1,"featured_media":0,"parent":0,"menu_order":13,"comment_status":"closed","ping_status":"closed","template":"","meta":{"footnotes":""},"class_list":["post-6962","page","type-page","status-publish","hentry"],"_links":{"self":[{"href":"https:\/\/www.modularis-drive.com\/de\/wp-json\/wp\/v2\/pages\/6962","targetHints":{"allow":["GET"]}}],"collection":[{"href":"https:\/\/www.modularis-drive.com\/de\/wp-json\/wp\/v2\/pages"}],"about":[{"href":"https:\/\/www.modularis-drive.com\/de\/wp-json\/wp\/v2\/types\/page"}],"author":[{"embeddable":true,"href":"https:\/\/www.modularis-drive.com\/de\/wp-json\/wp\/v2\/users\/1"}],"replies":[{"embeddable":true,"href":"https:\/\/www.modularis-drive.com\/de\/wp-json\/wp\/v2\/comments?post=6962"}],"version-history":[{"count":0,"href":"https:\/\/www.modularis-drive.com\/de\/wp-json\/wp\/v2\/pages\/6962\/revisions"}],"wp:attachment":[{"href":"https:\/\/www.modularis-drive.com\/de\/wp-json\/wp\/v2\/media?parent=6962"}],"curies":[{"name":"wp","href":"https:\/\/api.w.org\/{rel}","templated":true}]}}