{"id":17308,"date":"2024-02-13T11:56:13","date_gmt":"2024-02-13T10:56:13","guid":{"rendered":"https:\/\/www.modularis-drive.com\/thank-you\/"},"modified":"2025-09-02T13:06:19","modified_gmt":"2025-09-02T11:06:19","slug":"thank-you","status":"publish","type":"page","link":"https:\/\/www.modularis-drive.com\/fr\/thank-you\/","title":{"rendered":"Merci de votre attention\u00a0!"},"content":{"rendered":"<div class=\"wpb-content-wrapper\"><p>[vc_row full_width=\u00a0\u00bbstretch_row_content_no_spaces\u00a0\u00bb el_class=\u00a0\u00bbsp-page-title\u00a0\u00bb][vc_column]\t\t\n\t\t<div class=\"title-banner\" style=\"background-image: linear-gradient(rgba(29, 30, 33, 0.85),rgba(29, 30, 33, 0.85)),url(https:\/\/www.modularis-drive.com\/wp-content\/uploads\/2024\/02\/nevtralni-background.jpg);\">\n\t\t\t<div class=\"container\">\n\t\t\t\t<div class=\"breadcrumbs-container\">\n\t\t\t\t\t\t<div class=\"breadcrumbs\">\n\t\t\t\t\t\t\t\n\t<ul class=\"ns-breadcrumbs\">\n\t\t\t<li><a href=\"https:\/\/www.modularis-drive.com\/fr\/\">Accueil<\/a><\/li>\n\t\t\t\t<li>Merci de votre attention\u00a0!<\/li>\n\t<\/ul>\n\t\n\t\t\t\t\t\t\t\t<div class=\"clearfix\"><\/div>\n\t\t\t\t\t\t<\/div>\n\t\t\t\t<\/div>\n\t\t\t\t<h1 class=\"entry-title\">Merci de votre attention\u00a0!<\/h1>\n\t\t\t\t\t\t\t<\/div>\n\t\t<\/div>\n\n\t\t[\/vc_column][\/vc_row][vc_row][vc_column][vc_column_text]Nous vous remercions de votre demande et de votre int\u00e9r\u00eat. L&rsquo;\u00e9quipe de Modularis vous r\u00e9pondra dans les plus brefs d\u00e9lais.[\/vc_column_text][\/vc_column][\/vc_row][vc_row][vc_column]\t\t\n\t\t<a href=\"https:\/\/www.modularis-drive.com\/\" target=\"\" class=\"btn  btn-default btn-lg \" id=\"\">Back to Home Page<\/a>\n\n\t\t[\/vc_column][\/vc_row]<\/p>\n<\/div>","protected":false},"excerpt":{"rendered":"<p>[vc_row full_width=\u00a0\u00bbstretch_row_content_no_spaces\u00a0\u00bb el_class=\u00a0\u00bbsp-page-title\u00a0\u00bb][vc_column][\/vc_column][\/vc_row][vc_row][vc_column][vc_column_text]Nous vous remercions de votre demande et de votre int\u00e9r\u00eat. L&rsquo;\u00e9quipe de Modularis vous r\u00e9pondra dans les plus brefs d\u00e9lais.[\/vc_column_text][\/vc_column][\/vc_row][vc_row][vc_column][\/vc_column][\/vc_row]<\/p>\n","protected":false},"author":2,"featured_media":0,"parent":0,"menu_order":2,"comment_status":"closed","ping_status":"closed","template":"","meta":{"footnotes":""},"class_list":["post-17308","page","type-page","status-publish","hentry"],"_links":{"self":[{"href":"https:\/\/www.modularis-drive.com\/fr\/wp-json\/wp\/v2\/pages\/17308","targetHints":{"allow":["GET"]}}],"collection":[{"href":"https:\/\/www.modularis-drive.com\/fr\/wp-json\/wp\/v2\/pages"}],"about":[{"href":"https:\/\/www.modularis-drive.com\/fr\/wp-json\/wp\/v2\/types\/page"}],"author":[{"embeddable":true,"href":"https:\/\/www.modularis-drive.com\/fr\/wp-json\/wp\/v2\/users\/2"}],"replies":[{"embeddable":true,"href":"https:\/\/www.modularis-drive.com\/fr\/wp-json\/wp\/v2\/comments?post=17308"}],"version-history":[{"count":0,"href":"https:\/\/www.modularis-drive.com\/fr\/wp-json\/wp\/v2\/pages\/17308\/revisions"}],"wp:attachment":[{"href":"https:\/\/www.modularis-drive.com\/fr\/wp-json\/wp\/v2\/media?parent=17308"}],"curies":[{"name":"wp","href":"https:\/\/api.w.org\/{rel}","templated":true}]}}