{"id":17413,"date":"2023-10-16T08:50:59","date_gmt":"2023-10-16T06:50:59","guid":{"rendered":"https:\/\/www.modularis-drive.com\/web-development\/"},"modified":"2025-09-02T13:03:06","modified_gmt":"2025-09-02T11:03:06","slug":"web-development","status":"publish","type":"page","link":"https:\/\/www.modularis-drive.com\/fr\/web-development\/","title":{"rendered":"D\u00e9veloppement web"},"content":{"rendered":"<div class=\"wpb-content-wrapper\"><p>[vc_row full_width=\u00a0\u00bbstretch_row_content_no_spaces\u00a0\u00bb el_class=\u00a0\u00bbsp-page-title\u00a0\u00bb][vc_column]\t\t\n\t\t<div class=\"title-banner\" style=\"background-image: linear-gradient(rgba(29, 30, 33, 0.85),rgba(29, 30, 33, 0.85)),url(https:\/\/www.modularis-drive.com\/wp-content\/uploads\/2023\/12\/modularis-sp-title-bg.jpg);\">\n\t\t\t<div class=\"container\">\n\t\t\t\t<div class=\"breadcrumbs-container\">\n\t\t\t\t\t\t<div class=\"breadcrumbs\">\n\t\t\t\t\t\t\t\n\t<ul class=\"ns-breadcrumbs\">\n\t\t\t<li><a href=\"https:\/\/www.modularis-drive.com\/fr\/\">Accueil<\/a><\/li>\n\t\t\t\t<li>D\u00e9veloppement web<\/li>\n\t<\/ul>\n\t\n\t\t\t\t\t\t\t\t<div class=\"clearfix\"><\/div>\n\t\t\t\t\t\t<\/div>\n\t\t\t\t<\/div>\n\t\t\t\t<h1 class=\"entry-title\">D\u00e9veloppement web<\/h1>\n\t\t\t\t\t\t\t<\/div>\n\t\t<\/div>\n\n\t\t[\/vc_column][\/vc_row][vc_row][vc_column][vc_column_text]<\/p>\n<h3>D\u00e9veloppement et conception de sites web<\/h3>\n<p>Lors de la cr\u00e9ation d&rsquo;un site web, <strong>l&rsquo;agence digitale <span style=\"color: #f56702;\">novi<\/span>Splet <\/strong>s&rsquo;est occup\u00e9e de tout\u00a0:<\/p>\n<ul>\n<li>Conception UX<\/li>\n<li>conception de sites web,<\/li>\n<li>l&rsquo;aspect technique,<\/li>\n<li>la mise en \u0153uvre de l&rsquo;ensemble du projet.<\/li>\n<\/ul>\n<p>Pour en savoir plus, consultez le site <strong><a href=\"https:\/\/www.novisplet.eu\/\" target=\"_blank\" rel=\"noopener\">www.novisplet.eu<\/a><\/strong><\/p>\n<h3><\/h3>\n<h3>Contenu du site web<\/h3>\n<p>Les textes et les images du site sont cr\u00e9\u00e9s par <strong>Modularis TEH d.o.o.<\/strong>[\/vc_column_text][\/vc_column][\/vc_row][vc_row][vc_column][vc_empty_space][\/vc_column][\/vc_row]<\/p>\n<\/div>","protected":false},"excerpt":{"rendered":"<p>[vc_row full_width=\u00a0\u00bbstretch_row_content_no_spaces\u00a0\u00bb el_class=\u00a0\u00bbsp-page-title\u00a0\u00bb][vc_column][\/vc_column][\/vc_row][vc_row][vc_column][vc_column_text] D\u00e9veloppement et conception de sites web Lors de la cr\u00e9ation d&rsquo;un site web, l&rsquo;agence digitale noviSplet s&rsquo;est occup\u00e9e de tout\u00a0: Conception UX conception de sites web, l&rsquo;aspect technique, la mise en \u0153uvre de l&rsquo;ensemble du projet. Pour en savoir plus, consultez le site www.novisplet.eu Contenu du site web Les textes et les images du site sont cr\u00e9\u00e9s par Modularis TEH d.o.o.[\/vc_column_text][\/vc_column][\/vc_row][vc_row][vc_column][vc_empty_space][\/vc_column][\/vc_row]<\/p>\n","protected":false},"author":1,"featured_media":0,"parent":0,"menu_order":12,"comment_status":"closed","ping_status":"closed","template":"","meta":{"footnotes":""},"class_list":["post-17413","page","type-page","status-publish","hentry"],"_links":{"self":[{"href":"https:\/\/www.modularis-drive.com\/fr\/wp-json\/wp\/v2\/pages\/17413","targetHints":{"allow":["GET"]}}],"collection":[{"href":"https:\/\/www.modularis-drive.com\/fr\/wp-json\/wp\/v2\/pages"}],"about":[{"href":"https:\/\/www.modularis-drive.com\/fr\/wp-json\/wp\/v2\/types\/page"}],"author":[{"embeddable":true,"href":"https:\/\/www.modularis-drive.com\/fr\/wp-json\/wp\/v2\/users\/1"}],"replies":[{"embeddable":true,"href":"https:\/\/www.modularis-drive.com\/fr\/wp-json\/wp\/v2\/comments?post=17413"}],"version-history":[{"count":0,"href":"https:\/\/www.modularis-drive.com\/fr\/wp-json\/wp\/v2\/pages\/17413\/revisions"}],"wp:attachment":[{"href":"https:\/\/www.modularis-drive.com\/fr\/wp-json\/wp\/v2\/media?parent=17413"}],"curies":[{"name":"wp","href":"https:\/\/api.w.org\/{rel}","templated":true}]}}