{"id":6958,"date":"2023-10-16T09:06:16","date_gmt":"2023-10-16T07:06:16","guid":{"rendered":"https:\/\/www.modularis-drive.com\/news\/"},"modified":"2024-07-17T14:53:15","modified_gmt":"2024-07-17T12:53:15","slug":"novosti","status":"publish","type":"page","link":"https:\/\/www.modularis-drive.com\/hr\/novosti\/","title":{"rendered":"Novosti"},"content":{"rendered":"<div class=\"wpb-content-wrapper\"><p>[vc_row full_width=&#8221;stretch_row_content_no_spaces&#8221; el_class=&#8221;sp-page-title&#8221;][vc_column]\t\t\n\t\t<div class=\"title-banner\" style=\"background-image: linear-gradient(rgba(29, 30, 33, 0.85),rgba(29, 30, 33, 0.85)),url(https:\/\/www.modularis-drive.com\/wp-content\/uploads\/2024\/03\/news.jpg);\">\n\t\t\t<div class=\"container\">\n\t\t\t\t<div class=\"breadcrumbs-container\">\n\t\t\t\t\t\t<div class=\"breadcrumbs\">\n\t\t\t\t\t\t\t\n\t<ul class=\"ns-breadcrumbs\">\n\t\t\t<li><a href=\"https:\/\/www.modularis-drive.com\/hr\/\">Naslovnica<\/a><\/li>\n\t\t\t\t<li>Novosti<\/li>\n\t<\/ul>\n\t\n\t\t\t\t\t\t\t\t<div class=\"clearfix\"><\/div>\n\t\t\t\t\t\t<\/div>\n\t\t\t\t<\/div>\n\t\t\t\t<h1 class=\"entry-title\">Novosti<\/h1>\n\t\t\t\t\t\t\t<\/div>\n\t\t<\/div>\n\n\t\t[\/vc_column][\/vc_row][vc_row el_class=&#8221;sp-sidemenu-row&#8221;][vc_column]<div class=\"loop-container  \"><div class=\"row\" id=\"1697553765600-5bea85e7-3d9a\"><div class=\"loop-item col-lg-4 col-md-6 col-sm-12 col-xs-12\"><div class=\"loop-item-inner\"><div class=\"wpb-content-wrapper\"><p>[vc_row][vc_column]            \t\t\t            \t<div class=\"loop-item-horizontal\">\n\t\t\t\t\n                <div class=\"c1 vc_col-xs-12 vc_col-md-4\">\n                    <a href=\"https:\/\/www.modularis-drive.com\/hr\/article\/dobro-dosli-na-nasu-novu-web-stranicu\/\">                        <div >\n                            <img decoding=\"async\" src=\"https:\/\/www.modularis-drive.com\/slir\/w410-331-c410.331\/wp-content\/uploads\/2023\/12\/modularis-web.jpg\" class=\"img-responsive\">\n                        <\/div>\n                    <\/a>                <\/div>\n                <div class=\"c2 vc_col-xs-12 vc_col-md-8\">\n\t\t\t\t\t<h4>\n                        <a href=\"https:\/\/www.modularis-drive.com\/hr\/article\/dobro-dosli-na-nasu-novu-web-stranicu\/\">Dobro do\u0161li na na\u0161u novu web-stranicu <\/a>                    <\/h4>\n\t\t\t\t\t\t\t\t\t\t<span class=\"post-date\"><svg width=\"14\" height=\"15\" viewBox=\"0 0 14 15\" fill=\"none\" xmlns=\"http:\/\/www.w3.org\/2000\/svg\"><path d=\"M3.74418 0.800049C3.12133 0.800049 2.60468 1.3167 2.60468 1.93955V2.42795H1.13951C0.516653 2.42795 0 2.9446 0 3.56745V13.335C0 13.9579 0.516653 14.4746 1.13951 14.4746H12.8605C13.4833 14.4746 14 13.9579 14 13.335V3.56745C14 2.9446 13.4833 2.42795 12.8605 2.42795H11.3953V1.93955C11.3953 1.3167 10.8787 0.800049 10.2558 0.800049C9.63296 0.800049 9.11631 1.3167 9.11631 1.93955V2.42795H4.88382V1.93955C4.88382 1.3167 4.36717 0.800049 3.74431 0.800049H3.74418ZM3.74418 1.77683C3.8428 1.77683 3.90701 1.84095 3.90701 1.93965V3.89322C3.90701 3.99184 3.84289 4.05604 3.74418 4.05604C3.64556 4.05604 3.58136 3.99192 3.58136 3.89322V1.93965C3.58136 1.84103 3.64548 1.77683 3.74418 1.77683ZM10.256 1.77683C10.3546 1.77683 10.4188 1.84095 10.4188 1.93965V3.89322C10.4188 3.99184 10.3547 4.05604 10.256 4.05604C10.1574 4.05604 10.0932 3.99192 10.0932 3.89322V1.93965C10.0932 1.84103 10.1573 1.77683 10.256 1.77683ZM1.13959 3.40473H2.60476V3.89312C2.60476 4.51597 3.12142 5.03262 3.74427 5.03262C4.36712 5.03262 4.88378 4.51597 4.88378 3.89312V3.40473H9.11627V3.89312C9.11627 4.51597 9.63292 5.03262 10.2558 5.03262C10.8786 5.03262 11.3953 4.51597 11.3953 3.89312V3.40473H12.8604C12.9591 3.40473 13.0233 3.46893 13.0233 3.56755V5.35828H0.976579V3.56755C0.976579 3.46893 1.04078 3.40473 1.1394 3.40473H1.13959ZM0.976768 6.33503H13.0235V13.3352C13.0235 13.4338 12.9593 13.498 12.8606 13.498H1.13965C1.04103 13.498 0.976828 13.4338 0.976828 13.3352L0.976768 6.33503Z\" fill=\"#A4A4A4\"\/><\/svg>13. 5. 2024<\/span> \n\t\t\t\t\t\t\t\t\t\t\t\t\t\t\t\t<p>Nova web-stranica za\u017eivjela je zahvaljuju\u0107i suradnji s ekipom NoviSplet. Njeni \u010dlanovi uhvatili su se u ko\u0161tac sa zamr\u0161enom  ...<\/p>\n\t\t\t\t\t\t\t\t\t\t\t\t\t\t\t\t\t\t\t\t\t<a href=\"https:\/\/www.modularis-drive.com\/hr\/article\/dobro-dosli-na-nasu-novu-web-stranicu\/\" class=\"btn read-more\">\u010citaj vi\u0161e<\/a>\n\t\t\t\t\t\t\t\t\t\t\t\n\t\t\t\t\t\n                    \n                <\/div>  \n            <\/div>\n            [\/vc_column][\/vc_row]<\/p>\n<\/div><\/div><\/div><\/div><\/div>[\/vc_column][\/vc_row][vc_row][vc_column][vc_empty_space][\/vc_column][\/vc_row]<\/p>\n<\/div>","protected":false},"excerpt":{"rendered":"<p>[vc_row full_width=&#8221;stretch_row_content_no_spaces&#8221; el_class=&#8221;sp-page-title&#8221;][vc_column][\/vc_column][\/vc_row][vc_row el_class=&#8221;sp-sidemenu-row&#8221;][vc_column][\/vc_column][\/vc_row][vc_row][vc_column][vc_empty_space][\/vc_column][\/vc_row]<\/p>\n","protected":false},"author":1,"featured_media":0,"parent":0,"menu_order":7,"comment_status":"closed","ping_status":"closed","template":"","meta":{"footnotes":""},"class_list":["post-6958","page","type-page","status-publish","hentry"],"_links":{"self":[{"href":"https:\/\/www.modularis-drive.com\/hr\/wp-json\/wp\/v2\/pages\/6958","targetHints":{"allow":["GET"]}}],"collection":[{"href":"https:\/\/www.modularis-drive.com\/hr\/wp-json\/wp\/v2\/pages"}],"about":[{"href":"https:\/\/www.modularis-drive.com\/hr\/wp-json\/wp\/v2\/types\/page"}],"author":[{"embeddable":true,"href":"https:\/\/www.modularis-drive.com\/hr\/wp-json\/wp\/v2\/users\/1"}],"replies":[{"embeddable":true,"href":"https:\/\/www.modularis-drive.com\/hr\/wp-json\/wp\/v2\/comments?post=6958"}],"version-history":[{"count":0,"href":"https:\/\/www.modularis-drive.com\/hr\/wp-json\/wp\/v2\/pages\/6958\/revisions"}],"wp:attachment":[{"href":"https:\/\/www.modularis-drive.com\/hr\/wp-json\/wp\/v2\/media?parent=6958"}],"curies":[{"name":"wp","href":"https:\/\/api.w.org\/{rel}","templated":true}]}}