{"id":6964,"date":"2023-10-16T08:51:17","date_gmt":"2023-10-16T06:51:17","guid":{"rendered":"https:\/\/www.modularis-drive.com\/contact\/"},"modified":"2024-07-17T14:53:15","modified_gmt":"2024-07-17T12:53:15","slug":"kontakti","status":"publish","type":"page","link":"https:\/\/www.modularis-drive.com\/hr\/kontakti\/","title":{"rendered":"Kontakti"},"content":{"rendered":"<div class=\"wpb-content-wrapper\"><p>[vc_row full_width=&#8221;stretch_row_content_no_spaces&#8221; el_class=&#8221;sp-page-title&#8221;][vc_column]\t\t\n\t\t<div class=\"title-banner\" style=\"background-image: linear-gradient(rgba(29, 30, 33, 0.85),rgba(29, 30, 33, 0.85)),url(https:\/\/www.modularis-drive.com\/wp-content\/uploads\/2024\/03\/contact-background.jpg);\">\n\t\t\t<div class=\"container\">\n\t\t\t\t<div class=\"breadcrumbs-container\">\n\t\t\t\t\t\t<div class=\"breadcrumbs\">\n\t\t\t\t\t\t\t\n\t<ul class=\"ns-breadcrumbs\">\n\t\t\t<li><a href=\"https:\/\/www.modularis-drive.com\/hr\/\">Naslovnica<\/a><\/li>\n\t\t\t\t<li>Kontakti<\/li>\n\t<\/ul>\n\t\n\t\t\t\t\t\t\t\t<div class=\"clearfix\"><\/div>\n\t\t\t\t\t\t<\/div>\n\t\t\t\t<\/div>\n\t\t\t\t<h1 class=\"entry-title\">Kontakti<\/h1>\n\t\t\t\t\t\t\t<\/div>\n\t\t<\/div>\n\n\t\t[\/vc_column][\/vc_row][vc_row el_class=&#8221;sp-kontakt-sec-1&#8243;][vc_column width=&#8221;1\/6&#8243;][\/vc_column][vc_column width=&#8221;2\/3&#8243;][vc_row_inner][vc_column_inner width=&#8221;1\/3&#8243;]\t\t\r\n\t\t<p class=\"info \"><b><a href=\"https:\/\/maps.app.goo.gl\/7ULuavKLaYaaGFh88\" target=\"_blank\">Modularis TEH d.o.o.<\/a><\/b><br>\r\n<a href=\"https:\/\/maps.app.goo.gl\/7ULuavKLaYaaGFh88\" target=\"_blank\">Ljubljanska c. 11<br>\r\n    1270 Litija, Slovenia<\/a><\/p>\r\n\r\n\t\t[\/vc_column_inner][vc_column_inner width=&#8221;2\/3&#8243;]\r\n\t\t<div class=\"wpb_raw_code wpb_content_element wpb_raw_html  \">\r\n      <div class=\"wpb_wrapper\">\r\n                        <a href=\"tel:+386 40 236 717\">\r\n                             \r\n                            <span>\r\n                                  <span class='hide-mobile'><\/span>Telefon: \u00a0<span class='inner-contents'>+386 40 236 717<\/span>\r\n                    \r\n                            <\/span>\r\n                <\/a>\r\n              <\/div>\r\n    <\/div>\r\n\r\n\t\t\r\n<div class=\"wpb_raw_code wpb_content_element wpb_raw_html  \">\r\n      <div class=\"wpb_wrapper\">\r\n                        <a href=\"tel:+386 40 765 764\">\r\n                             \r\n                            <span>\r\n                                  <span class='hide-mobile'><\/span>Telefon: \u00a0<span class='inner-contents'>+386 40 765 764<\/span>\r\n                    \r\n                            <\/span>\r\n                <\/a>\r\n              <\/div>\r\n    <\/div>\r\n\t\t\t\t\r\n\t\t<div class=\"wpb_raw_code wpb_content_element wpb_raw_html  \">\r\n      <div class=\"wpb_wrapper\">\r\n             <a href=\"ma&#105;&#x6c;&#x74;&#x6f;:i&#110;&#x66;&#x6f;&#x40;mo&#100;&#x75;&#x6c;&#x61;ris&#45;&#x64;&#x72;&#x69;ve&#46;&#x63;&#x6f;&#x6d;\">\r\n                     \r\n                    <span>\r\n                          <span class='hide-mobile'><\/span>Email: \u00a0<span class='inner-contents'>&#x69;&#x6e;&#x66;&#x6f;&#64;&#109;odu&#x6c;&#x61;&#x72;&#x69;&#x73;&#45;&#100;riv&#x65;&#x2e;&#x63;&#x6f;&#x6d;<\/span>\r\n            \r\n                    <\/span>\r\n            <\/a>\r\n      <\/div>\r\n    <\/div>\r\n\r\n\t\t[\/vc_column_inner][\/vc_row_inner][vc_empty_space height=&#8221;10px&#8221;]\n<div class=\"wpcf7 no-js\" id=\"wpcf7-f9895-o1\" lang=\"sl-SI\" dir=\"ltr\" data-wpcf7-id=\"9895\">\n<div class=\"screen-reader-response\"><p role=\"status\" aria-live=\"polite\" aria-atomic=\"true\"><\/p> <ul><\/ul><\/div>\n<form action=\"\/hr\/wp-json\/wp\/v2\/pages\/6964#wpcf7-f9895-o1\" method=\"post\" class=\"wpcf7-form init\" aria-label=\"Contact form\" novalidate=\"novalidate\" data-status=\"init\">\n<fieldset class=\"hidden-fields-container\"><input type=\"hidden\" name=\"_wpcf7\" value=\"9895\" \/><input type=\"hidden\" name=\"_wpcf7_version\" value=\"6.1\" \/><input type=\"hidden\" name=\"_wpcf7_locale\" value=\"sl_SI\" \/><input type=\"hidden\" name=\"_wpcf7_unit_tag\" value=\"wpcf7-f9895-o1\" \/><input type=\"hidden\" name=\"_wpcf7_container_post\" value=\"0\" \/><input type=\"hidden\" name=\"_wpcf7_posted_data_hash\" value=\"\" \/><input type=\"hidden\" name=\"_wpcf7_recaptcha_response\" value=\"\" \/>\n<\/fieldset>\n<h3>Slu\u017eba za korisnike\n<\/h3>\n<p>Ne ustru\u010davajte se kontaktirati za sva pitanja koja mo\u017eda imate.\n<\/p>\n<div id=\"ns-contact-field\">\n\t<p><span class=\"wpcf7-form-control-wrap\" data-name=\"ns-field\"><input size=\"40\" maxlength=\"400\" class=\"wpcf7-form-control wpcf7-text\" aria-invalid=\"false\" value=\"\" type=\"text\" name=\"ns-field\" \/><\/span>\n\t<\/p>\n<\/div>\n<div class=\"kont-povpr-izd-title\">\n\t<div>\n\t\t<p><b>Povpra\u0161evanje za podru\u010dje:<\/b>\n\t\t<\/p>\n\t<\/div>\n\t<p><span class=\"wpcf7-form-control-wrap\" data-name=\"prod\"><input size=\"40\" maxlength=\"400\" class=\"wpcf7-form-control wpcf7-text\" readonly=\"readonly\" aria-invalid=\"false\" value=\"\" type=\"text\" name=\"prod\" \/><\/span>\n\t<\/p>\n<\/div>\n<p class=\"p-input\"><span class=\"wpcf7-form-control-wrap\" data-name=\"your-name\"><input size=\"40\" maxlength=\"400\" class=\"wpcf7-form-control wpcf7-text wpcf7-validates-as-required\" aria-required=\"true\" aria-invalid=\"false\" placeholder=\"Ime *\" value=\"\" type=\"text\" name=\"your-name\" \/><\/span>\n<\/p>\n<p class=\"p-input\"><span class=\"wpcf7-form-control-wrap\" data-name=\"your-email\"><input size=\"40\" maxlength=\"400\" class=\"wpcf7-form-control wpcf7-email wpcf7-validates-as-required wpcf7-text wpcf7-validates-as-email\" aria-required=\"true\" aria-invalid=\"false\" placeholder=\"E-mail *\" value=\"\" type=\"email\" name=\"your-email\" \/><\/span>\n<\/p>\n<p class=\"p-input\"><span class=\"wpcf7-form-control-wrap\" data-name=\"your-tel\"><input size=\"40\" maxlength=\"400\" class=\"wpcf7-form-control wpcf7-text wpcf7-validates-as-required\" aria-required=\"true\" aria-invalid=\"false\" placeholder=\"Telefon *\" value=\"\" type=\"text\" name=\"your-tel\" \/><\/span>\n<\/p>\n<p class=\"p-input\"><span class=\"wpcf7-form-control-wrap\" data-name=\"your-message\"><textarea cols=\"40\" rows=\"10\" maxlength=\"2000\" class=\"wpcf7-form-control wpcf7-textarea\" aria-invalid=\"false\" placeholder=\"Poruka...\" name=\"your-message\"><\/textarea><\/span>\n<\/p>\n<p class=\"small-text\">Polja ozna\u010dena * su obavezna!\n<\/p>\n<p class=\"small-text\"><span class=\"wpcf7-form-control-wrap\" data-name=\"your-gdpr\"><span class=\"wpcf7-form-control wpcf7-checkbox wpcf7-validates-as-required\"><span class=\"wpcf7-list-item first last\"><input type=\"checkbox\" name=\"your-gdpr[]\" value=\"*\" \/><span class=\"wpcf7-list-item-label\">*<\/span><\/span><\/span><\/span> Sla\u017eem se da Modularis TEH d.o.o. pohranjuje osobne podatke na obrascu za internu upotrebu i komunikaciju sa mnom za potrebe podnesenog zahtjeva. Korisnik mo\u017ee zatra\u017eiti brisanje osobnih podataka putem e-maila <a href=\"mailto: &#x69;n&#x66;&#x6f;&#64;&#x6d;&#111;d&#x75;&#108;a&#x72;i&#x73;&#x2d;d&#x72;&#105;v&#x65;&#46;c&#x6f;m\"> i&#110;&#x66;o&#64;&#x6d;&#x6f;du&#x6c;&#x61;ri&#x73;&#x2d;d&#114;&#x69;&#x76;e&#46;&#x63;&#x6f;m <\/a>.\n<\/p>\n<p><input class=\"wpcf7-form-control wpcf7-submit has-spinner\" type=\"submit\" value=\"Poslati\" \/>\n<\/p><div class=\"wpcf7-response-output\" aria-hidden=\"true\"><\/div>\n<\/form>\n<\/div>\n[vc_empty_space height=&#8221;30px&#8221;][\/vc_column][vc_column width=&#8221;1\/6&#8243;][\/vc_column][\/vc_row][vc_row][vc_column][vc_empty_space][\/vc_column][\/vc_row][vc_row][vc_column][vc_row el_class=\"sp-employees-row\"][vc_column][vc_column_text]\r\n<h2 style=\"text-align: center;\">Na\u0161 tim<\/h2>\r\n<p style=\"text-align: center;\">Imate pitanja? Obratite se bilo kojem \u010dlanu na\u0161eg tima i rado \u0107emo vam pomo\u0107i.<\/p>\r\n[\/vc_column_text]\n   \n    <div class=\"employees-wrap\">\n\n\n      \n              <div class=\"employee-card\">\n                <div>\n                  <img decoding=\"async\" src=\"https:\/\/www.modularis-drive.com\/wp-content\/uploads\/2023\/12\/tjasa1-scaled.jpg\" alt=\"\">\n                  <div>\n                    <h4 class=\"\"><b>Tja\u0161a Penica<\/b><\/h4>\n                    <p class=\"\">Prodaja i marketing<\/p>\n                                      <\/div>\n                  <a href=\"ma&#105;&#x6c;&#x74;&#x6f;:tj&#97;&#x73;&#x61;&#x40;mo&#100;&#117;&#x6c;&#x61;&#x72;is&#45;&#x64;&#x72;&#x69;ve.&#99;&#x6f;&#x6d;\">\n                          <span>\n                                <span class='inner-contents'>t&#106;&#x61;&#x73;a&#64;&#109;&#x6f;&#x64;u&#108;&#x61;&#x72;is&#45;&#x64;&#x72;i&#118;&#x65;&#x2e;co&#109;<\/span>\n                          <\/span>\n                  <\/a>\n                                            <a href=\"tel:+386 40 765 764\">\n                                      <span>\n                                            <span class='hide-mobile'><\/span><span class='inner-contents'>+386 40 765 764<\/span>\n                                      <\/span>\n                          <\/a>\n                                  <\/div>\n              <\/div>\n              \n\n    \n              <div class=\"employee-card\">\n                <div>\n                  <img decoding=\"async\" src=\"https:\/\/www.modularis-drive.com\/wp-content\/uploads\/2023\/12\/tina-scaled.jpg\" alt=\"\">\n                  <div>\n                    <h4 class=\"\"><b>Tina Pov\u0161e<\/b><\/h4>\n                    <p class=\"\">Prodajni odjel<\/p>\n                                      <\/div>\n                  <a href=\"mailto:ti&#110;&#97;&#64;&#109;&#x6f;&#x64;&#x75;&#x6c;&#x61;&#x72;&#x69;&#x73;&#x2d;&#x64;&#x72;&#x69;ve.com\">\n                          <span>\n                                <span class='inner-contents'>&#x74;&#105;n&#x61;&#x40;&#109;o&#x64;&#x75;&#108;a&#x72;&#x69;s-&#x64;&#x72;iv&#x65;&#46;co&#x6d;<\/span>\n                          <\/span>\n                  <\/a>\n                                            <a href=\"tel:+386 41 889 265\">\n                                      <span>\n                                            <span class='hide-mobile'><\/span><span class='inner-contents'>+386 41 889 265<\/span>\n                                      <\/span>\n                          <\/a>\n                                  <\/div>\n              <\/div>\n              \n\n    \n              <div class=\"employee-card\">\n                <div>\n                  <img decoding=\"async\" src=\"https:\/\/www.modularis-drive.com\/wp-content\/uploads\/2023\/12\/lenart-scaled.jpg\" alt=\"\">\n                  <div>\n                    <h4 class=\"\"><b>Lenart Petek<\/b><\/h4>\n                    <p class=\"\">Voditelj usluga i tehni\u010dka podr\u0161ka<\/p>\n                                      <\/div>\n                  <a href=\"mai&#108;&#x74;&#x6f;&#x3a;&#x6c;ena&#114;&#x74;&#x40;&#x6d;&#x6f;dul&#97;&#114;&#x69;&#x73;&#x2d;&#x64;riv&#101;&#x2e;&#x63;&#x6f;&#x6d;\">\n                          <span>\n                                <span class='inner-contents'>&#x6c;&#x65;&#110;a&#x72;&#x74;&#x40;&#109;o&#x64;&#x75;&#x6c;&#97;r&#x69;&#x73;&#x2d;&#100;r&#x69;&#x76;&#x65;&#46;c&#x6f;&#x6d;<\/span>\n                          <\/span>\n                  <\/a>\n                                            <a href=\"tel:+386 40 236 717\">\n                                      <span>\n                                            <span class='hide-mobile'><\/span><span class='inner-contents'>+386 40 236 717<\/span>\n                                      <\/span>\n                          <\/a>\n                                  <\/div>\n              <\/div>\n              \n\n    \n              <div class=\"employee-card\">\n                <div>\n                  <img decoding=\"async\" src=\"https:\/\/www.modularis-drive.com\/wp-content\/uploads\/2023\/12\/sebastjan-scaled.jpg\" alt=\"\">\n                  <div>\n                    <h4 class=\"\"><b>Sebastjan Jeromel<\/b><\/h4>\n                    <p class=\"\">Stru\u010dnjak za razvoj robne marke<\/p>\n                                      <\/div>\n                  <a href=\"mailto&#58;&#115;&#101;&#x62;&#x61;&#x73;&#x74;&#x6a;&#x61;&#x6e;&#64;modula&#114;&#105;&#x73;&#x2d;&#x64;&#x72;&#x69;&#x76;&#x65;&#x2e;com\">\n                          <span>\n                                <span class='inner-contents'>&#x73;eb&#x61;&#115;t&#x6a;&#97;n&#x40;&#x6d;o&#x64;&#x75;la&#x72;&#105;s&#x2d;&#100;r&#x69;&#x76;e&#x2e;&#x63;om<\/span>\n                          <\/span>\n                  <\/a>\n                                            <a href=\"tel:+386 40 765 766\">\n                                      <span>\n                                            <span class='hide-mobile'><\/span><span class='inner-contents'>+386 40 765 766<\/span>\n                                      <\/span>\n                          <\/a>\n                                  <\/div>\n              <\/div>\n              \n\n    \n\n    <\/div>\n    \n\n       [\/vc_column][\/vc_row][\/vc_column][\/vc_row][vc_row][vc_column][vc_empty_space][\/vc_column][\/vc_row][vc_row full_width=&#8221;stretch_row_content_no_spaces&#8221; el_class=&#8221;sp-kontakt-sec-3&#8243;][vc_column][vc_gmaps link=&#8221;#E-8_JTNDaWZyYW1lJTIwc3JjJTNEJTIyaHR0cHMlM0ElMkYlMkZ3d3cuZ29vZ2xlLmNvbSUyRm1hcHMlMkZlbWJlZCUzRnBiJTNEJTIxMW0xNCUyMTFtOCUyMTFtMyUyMTFkMjkzOTc4Ljk5OTY4MzYzODE2JTIxMmQxNC42NjI1Mzg4MDQwMzI0MTUlMjEzZDQ2LjAxMTM1MjA1MjI1ODU5NCUyMTNtMiUyMTFpMTAyNCUyMTJpNzY4JTIxNGYxMy4xJTIxM20zJTIxMW0yJTIxMXMweDQ3NjUzYzVkZDQxY2VhNDclMjUzQTB4NzdiMTE3NGM1NzZmNmUyZCUyMTJzTW9kdWxhcmlzJTI1MjB0ZWglMjUyQyUyNTIwdHJnb3ZpbmElMjUyMG5hJTI1MjBkZWJlbG8lMjUyMHolMjUyMGRydWdpbWklMjUyMG5hcHJhdmFtaSUyNTIwaW4lMjUyMG9wcmVtbyUyNTJDJTI1MjBkLm8uby4lMjE1ZTAlMjEzbTIlMjExc3NsJTIxMnNkZSUyMTR2MTcwMTY3NzI4OTc1NyUyMTVtMiUyMTFzc2wlMjEyc2RlJTIyJTIwd2lkdGglM0QlMjI2MDAlMjIlMjBoZWlnaHQlM0QlMjI0NTAlMjIlMjBzdHlsZSUzRCUyMmJvcmRlciUzQTAlM0IlMjIlMjBhbGxvd2Z1bGxzY3JlZW4lM0QlMjIlMjIlMjBsb2FkaW5nJTNEJTIybGF6eSUyMiUyMHJlZmVycmVycG9saWN5JTNEJTIybm8tcmVmZXJyZXItd2hlbi1kb3duZ3JhZGUlMjIlM0UlM0MlMkZpZnJhbWUlM0U=&#8221;][\/vc_column][\/vc_row]<\/p>\n<\/div>","protected":false},"excerpt":{"rendered":"<p>[vc_row full_width=&#8221;stretch_row_content_no_spaces&#8221; el_class=&#8221;sp-page-title&#8221;][vc_column][\/vc_column][\/vc_row][vc_row el_class=&#8221;sp-kontakt-sec-1&#8243;][vc_column width=&#8221;1\/6&#8243;][\/vc_column][vc_column width=&#8221;2\/3&#8243;][vc_row_inner][vc_column_inner width=&#8221;1\/3&#8243;][\/vc_column_inner][vc_column_inner width=&#8221;2\/3&#8243;][\/vc_column_inner][\/vc_row_inner][vc_empty_space height=&#8221;10px&#8221;][vc_empty_space height=&#8221;30px&#8221;][\/vc_column][vc_column width=&#8221;1\/6&#8243;][\/vc_column][\/vc_row][vc_row][vc_column][vc_empty_space][\/vc_column][\/vc_row][vc_row][vc_column][\/vc_column][\/vc_row][vc_row][vc_column][vc_empty_space][\/vc_column][\/vc_row][vc_row full_width=&#8221;stretch_row_content_no_spaces&#8221; el_class=&#8221;sp-kontakt-sec-3&#8243;][vc_column][vc_gmaps link=&#8221;#E-8_JTNDaWZyYW1lJTIwc3JjJTNEJTIyaHR0cHMlM0ElMkYlMkZ3d3cuZ29vZ2xlLmNvbSUyRm1hcHMlMkZlbWJlZCUzRnBiJTNEJTIxMW0xNCUyMTFtOCUyMTFtMyUyMTFkMjkzOTc4Ljk5OTY4MzYzODE2JTIxMmQxNC42NjI1Mzg4MDQwMzI0MTUlMjEzZDQ2LjAxMTM1MjA1MjI1ODU5NCUyMTNtMiUyMTFpMTAyNCUyMTJpNzY4JTIxNGYxMy4xJTIxM20zJTIxMW0yJTIxMXMweDQ3NjUzYzVkZDQxY2VhNDclMjUzQTB4NzdiMTE3NGM1NzZmNmUyZCUyMTJzTW9kdWxhcmlzJTI1MjB0ZWglMjUyQyUyNTIwdHJnb3ZpbmElMjUyMG5hJTI1MjBkZWJlbG8lMjUyMHolMjUyMGRydWdpbWklMjUyMG5hcHJhdmFtaSUyNTIwaW4lMjUyMG9wcmVtbyUyNTJDJTI1MjBkLm8uby4lMjE1ZTAlMjEzbTIlMjExc3NsJTIxMnNkZSUyMTR2MTcwMTY3NzI4OTc1NyUyMTVtMiUyMTFzc2wlMjEyc2RlJTIyJTIwd2lkdGglM0QlMjI2MDAlMjIlMjBoZWlnaHQlM0QlMjI0NTAlMjIlMjBzdHlsZSUzRCUyMmJvcmRlciUzQTAlM0IlMjIlMjBhbGxvd2Z1bGxzY3JlZW4lM0QlMjIlMjIlMjBsb2FkaW5nJTNEJTIybGF6eSUyMiUyMHJlZmVycmVycG9saWN5JTNEJTIybm8tcmVmZXJyZXItd2hlbi1kb3duZ3JhZGUlMjIlM0UlM0MlMkZpZnJhbWUlM0U=&#8221;][\/vc_column][\/vc_row]<\/p>\n","protected":false},"author":1,"featured_media":0,"parent":0,"menu_order":11,"comment_status":"closed","ping_status":"closed","template":"","meta":{"footnotes":""},"class_list":["post-6964","page","type-page","status-publish","hentry"],"_links":{"self":[{"href":"https:\/\/www.modularis-drive.com\/hr\/wp-json\/wp\/v2\/pages\/6964","targetHints":{"allow":["GET"]}}],"collection":[{"href":"https:\/\/www.modularis-drive.com\/hr\/wp-json\/wp\/v2\/pages"}],"about":[{"href":"https:\/\/www.modularis-drive.com\/hr\/wp-json\/wp\/v2\/types\/page"}],"author":[{"embeddable":true,"href":"https:\/\/www.modularis-drive.com\/hr\/wp-json\/wp\/v2\/users\/1"}],"replies":[{"embeddable":true,"href":"https:\/\/www.modularis-drive.com\/hr\/wp-json\/wp\/v2\/comments?post=6964"}],"version-history":[{"count":0,"href":"https:\/\/www.modularis-drive.com\/hr\/wp-json\/wp\/v2\/pages\/6964\/revisions"}],"wp:attachment":[{"href":"https:\/\/www.modularis-drive.com\/hr\/wp-json\/wp\/v2\/media?parent=6964"}],"curies":[{"name":"wp","href":"https:\/\/api.w.org\/{rel}","templated":true}]}}