{"id":6967,"date":"2023-10-16T08:50:59","date_gmt":"2023-10-16T06:50:59","guid":{"rendered":"https:\/\/www.modularis-drive.com\/web-development\/"},"modified":"2024-07-17T14:53:15","modified_gmt":"2024-07-17T12:53:15","slug":"web-razvoj","status":"publish","type":"page","link":"https:\/\/www.modularis-drive.com\/hr\/web-razvoj\/","title":{"rendered":"Web-razvoj"},"content":{"rendered":"<div class=\"wpb-content-wrapper\"><p>[vc_row full_width=&#8221;stretch_row_content_no_spaces&#8221; el_class=&#8221;sp-page-title&#8221;][vc_column]\t\t\n\t\t<div class=\"title-banner\" style=\"background-image: linear-gradient(rgba(29, 30, 33, 0.85),rgba(29, 30, 33, 0.85)),url(https:\/\/www.modularis-drive.com\/wp-content\/uploads\/2023\/12\/modularis-sp-title-bg.jpg);\">\n\t\t\t<div class=\"container\">\n\t\t\t\t<div class=\"breadcrumbs-container\">\n\t\t\t\t\t\t<div class=\"breadcrumbs\">\n\t\t\t\t\t\t\t\n\t<ul class=\"ns-breadcrumbs\">\n\t\t\t<li><a href=\"https:\/\/www.modularis-drive.com\/hr\/\">Naslovnica<\/a><\/li>\n\t\t\t\t<li>Web-razvoj<\/li>\n\t<\/ul>\n\t\n\t\t\t\t\t\t\t\t<div class=\"clearfix\"><\/div>\n\t\t\t\t\t\t<\/div>\n\t\t\t\t<\/div>\n\t\t\t\t<h1 class=\"entry-title\">Web-razvoj<\/h1>\n\t\t\t\t\t\t\t<\/div>\n\t\t<\/div>\n\n\t\t[\/vc_column][\/vc_row][vc_row][vc_column][vc_column_text]<\/p>\n<h3>Dizajn i izrada web-stranice<\/h3>\n<p>Prilikom postavljanja materijala na web-stranicu, <strong>digitalna agencija\u00a0<span style=\"color: #f56702;\">novi<\/span>Splet <\/strong>vodila je ra\u010duna o:<\/p>\n<ul>\n<li>UX dizajnu,<\/li>\n<li>web-dizajnu,<\/li>\n<li>tehni\u010dkom aspektu,<\/li>\n<li>implementaciji cjelokupnog projekta.<\/li>\n<\/ul>\n<p>Dodatne informacije mo\u017eete prona\u0107i na: <strong><a href=\"https:\/\/www.novisplet.eu\/\" target=\"_blank\" rel=\"noopener\">www.novisplet.eu<\/a><\/strong><\/p>\n<h3>Sadr\u017eaj web-stranice<\/h3>\n<p>Tekstove i slike za web-stranicu kreirao je <strong>Modularis TEH d.o.o.<\/strong>.[\/vc_column_text][\/vc_column][\/vc_row][vc_row][vc_column][vc_empty_space][\/vc_column][\/vc_row]<\/p>\n<\/div>","protected":false},"excerpt":{"rendered":"<p>[vc_row full_width=&#8221;stretch_row_content_no_spaces&#8221; el_class=&#8221;sp-page-title&#8221;][vc_column][\/vc_column][\/vc_row][vc_row][vc_column][vc_column_text] Dizajn i izrada web-stranice Prilikom postavljanja materijala na web-stranicu, digitalna agencija\u00a0noviSplet vodila je ra\u010duna o: UX dizajnu, web-dizajnu, tehni\u010dkom aspektu, implementaciji cjelokupnog projekta. Dodatne informacije mo\u017eete prona\u0107i na: www.novisplet.eu Sadr\u017eaj web-stranice Tekstove i slike za web-stranicu kreirao je Modularis TEH d.o.o..[\/vc_column_text][\/vc_column][\/vc_row][vc_row][vc_column][vc_empty_space][\/vc_column][\/vc_row]<\/p>\n","protected":false},"author":1,"featured_media":0,"parent":0,"menu_order":12,"comment_status":"closed","ping_status":"closed","template":"","meta":{"footnotes":""},"class_list":["post-6967","page","type-page","status-publish","hentry"],"_links":{"self":[{"href":"https:\/\/www.modularis-drive.com\/hr\/wp-json\/wp\/v2\/pages\/6967","targetHints":{"allow":["GET"]}}],"collection":[{"href":"https:\/\/www.modularis-drive.com\/hr\/wp-json\/wp\/v2\/pages"}],"about":[{"href":"https:\/\/www.modularis-drive.com\/hr\/wp-json\/wp\/v2\/types\/page"}],"author":[{"embeddable":true,"href":"https:\/\/www.modularis-drive.com\/hr\/wp-json\/wp\/v2\/users\/1"}],"replies":[{"embeddable":true,"href":"https:\/\/www.modularis-drive.com\/hr\/wp-json\/wp\/v2\/comments?post=6967"}],"version-history":[{"count":0,"href":"https:\/\/www.modularis-drive.com\/hr\/wp-json\/wp\/v2\/pages\/6967\/revisions"}],"wp:attachment":[{"href":"https:\/\/www.modularis-drive.com\/hr\/wp-json\/wp\/v2\/media?parent=6967"}],"curies":[{"name":"wp","href":"https:\/\/api.w.org\/{rel}","templated":true}]}}