{"id":12926,"date":"2024-02-13T11:56:13","date_gmt":"2024-02-13T10:56:13","guid":{"rendered":"https:\/\/www.modularis-drive.com\/thank-you\/"},"modified":"2025-09-04T14:12:04","modified_gmt":"2025-09-04T12:12:04","slug":"thank-you","status":"publish","type":"page","link":"https:\/\/www.modularis-drive.com\/pl\/thank-you\/","title":{"rendered":"Dzi\u0119kujemy!"},"content":{"rendered":"<div class=\"wpb-content-wrapper\"><p>[vc_row full_width=&#8221;stretch_row_content_no_spaces&#8221; el_class=&#8221;sp-page-title&#8221;][vc_column]\t\t\n\t\t<div class=\"title-banner\" style=\"background-image: linear-gradient(rgba(29, 30, 33, 0.85),rgba(29, 30, 33, 0.85)),url(https:\/\/www.modularis-drive.com\/wp-content\/uploads\/2024\/02\/nevtralni-background.jpg);\">\n\t\t\t<div class=\"container\">\n\t\t\t\t<div class=\"breadcrumbs-container\">\n\t\t\t\t\t\t<div class=\"breadcrumbs\">\n\t\t\t\t\t\t\t\n\t<ul class=\"ns-breadcrumbs\">\n\t\t\t<li><a href=\"https:\/\/www.modularis-drive.com\/pl\/\">Strona g\u0142\u00f3wna<\/a><\/li>\n\t\t\t\t<li>Dzi\u0119kujemy!<\/li>\n\t<\/ul>\n\t\n\t\t\t\t\t\t\t\t<div class=\"clearfix\"><\/div>\n\t\t\t\t\t\t<\/div>\n\t\t\t\t<\/div>\n\t\t\t\t<h1 class=\"entry-title\">Dzi\u0119kujemy!<\/h1>\n\t\t\t\t\t\t\t<\/div>\n\t\t<\/div>\n\n\t\t[\/vc_column][\/vc_row][vc_row][vc_column][vc_column_text]Bardzo dzi\u0119kujemy za pytanie i okazane zainteresowanie. Zesp\u00f3\u0142 Modularis skontaktuje si\u0119 z Pa\u0144stwem tak szybko, jak to mo\u017cliwe.[\/vc_column_text][\/vc_column][\/vc_row][vc_row][vc_column]\t\t\n\t\t<a href=\"https:\/\/www.modularis-drive.com\/\" target=\"\" class=\"btn  btn-default btn-lg \" id=\"\">Back to Home Page<\/a>\n\n\t\t[\/vc_column][\/vc_row]<\/p>\n<\/div>","protected":false},"excerpt":{"rendered":"<p>[vc_row full_width=&#8221;stretch_row_content_no_spaces&#8221; el_class=&#8221;sp-page-title&#8221;][vc_column][\/vc_column][\/vc_row][vc_row][vc_column][vc_column_text]Bardzo dzi\u0119kujemy za pytanie i okazane zainteresowanie. Zesp\u00f3\u0142 Modularis skontaktuje si\u0119 z Pa\u0144stwem tak szybko, jak to mo\u017cliwe.[\/vc_column_text][\/vc_column][\/vc_row][vc_row][vc_column][\/vc_column][\/vc_row]<\/p>\n","protected":false},"author":2,"featured_media":0,"parent":0,"menu_order":2,"comment_status":"closed","ping_status":"closed","template":"","meta":{"footnotes":""},"class_list":["post-12926","page","type-page","status-publish","hentry"],"_links":{"self":[{"href":"https:\/\/www.modularis-drive.com\/pl\/wp-json\/wp\/v2\/pages\/12926","targetHints":{"allow":["GET"]}}],"collection":[{"href":"https:\/\/www.modularis-drive.com\/pl\/wp-json\/wp\/v2\/pages"}],"about":[{"href":"https:\/\/www.modularis-drive.com\/pl\/wp-json\/wp\/v2\/types\/page"}],"author":[{"embeddable":true,"href":"https:\/\/www.modularis-drive.com\/pl\/wp-json\/wp\/v2\/users\/2"}],"replies":[{"embeddable":true,"href":"https:\/\/www.modularis-drive.com\/pl\/wp-json\/wp\/v2\/comments?post=12926"}],"version-history":[{"count":0,"href":"https:\/\/www.modularis-drive.com\/pl\/wp-json\/wp\/v2\/pages\/12926\/revisions"}],"wp:attachment":[{"href":"https:\/\/www.modularis-drive.com\/pl\/wp-json\/wp\/v2\/media?parent=12926"}],"curies":[{"name":"wp","href":"https:\/\/api.w.org\/{rel}","templated":true}]}}