{"id":12987,"date":"2023-10-16T08:50:59","date_gmt":"2023-10-16T06:50:59","guid":{"rendered":"https:\/\/www.modularis-drive.com\/web-development\/"},"modified":"2025-09-04T14:13:44","modified_gmt":"2025-09-04T12:13:44","slug":"web-development","status":"publish","type":"page","link":"https:\/\/www.modularis-drive.com\/pl\/web-development\/","title":{"rendered":"Tworzenie stron internetowych"},"content":{"rendered":"<div class=\"wpb-content-wrapper\"><p>[vc_row full_width=&#8221;stretch_row_content_no_spaces&#8221; el_class=&#8221;sp-page-title&#8221;][vc_column]\t\t\n\t\t<div class=\"title-banner\" style=\"background-image: linear-gradient(rgba(29, 30, 33, 0.85),rgba(29, 30, 33, 0.85)),url(https:\/\/www.modularis-drive.com\/wp-content\/uploads\/2023\/12\/modularis-sp-title-bg.jpg);\">\n\t\t\t<div class=\"container\">\n\t\t\t\t<div class=\"breadcrumbs-container\">\n\t\t\t\t\t\t<div class=\"breadcrumbs\">\n\t\t\t\t\t\t\t\n\t<ul class=\"ns-breadcrumbs\">\n\t\t\t<li><a href=\"https:\/\/www.modularis-drive.com\/pl\/\">Strona g\u0142\u00f3wna<\/a><\/li>\n\t\t\t\t<li>Tworzenie stron internetowych<\/li>\n\t<\/ul>\n\t\n\t\t\t\t\t\t\t\t<div class=\"clearfix\"><\/div>\n\t\t\t\t\t\t<\/div>\n\t\t\t\t<\/div>\n\t\t\t\t<h1 class=\"entry-title\">Tworzenie stron internetowych<\/h1>\n\t\t\t\t\t\t\t<\/div>\n\t\t<\/div>\n\n\t\t[\/vc_column][\/vc_row][vc_row][vc_column][vc_column_text]<\/p>\n<h3>Tworzenie i projektowanie stron internetowych<\/h3>\n<p>Przy tworzeniu strony internetowej <strong>agencja cyfrowa <span style=\"color: #f56702;\">novi<\/span>Splet <\/strong>zaj\u0119\u0142a si\u0119:<\/p>\n<ul>\n<li>Projektowaniem UX<\/li>\n<li>projektowaniem stron internetowych,<\/li>\n<li>aspektem technicznym,<\/li>\n<li>wdro\u017ceniem ca\u0142ego projektu.<\/li>\n<\/ul>\n<p>Wi\u0119cej informacji znajdziecie na stronie <strong><a href=\"https:\/\/www.novisplet.eu\/\" target=\"_blank\" rel=\"noopener\">www.novisplet.eu<\/a><\/strong><\/p>\n<h3><\/h3>\n<h3>Zawarto\u015b\u0107 strony internetowej<\/h3>\n<p>Teksty i obrazy na stronie s\u0105 tworzone przez <strong>Modularis TEH d.o.o.<\/strong>[\/vc_column_text][\/vc_column][\/vc_row][vc_row][vc_column][vc_empty_space][\/vc_column][\/vc_row]<\/p>\n<\/div>","protected":false},"excerpt":{"rendered":"<p>[vc_row full_width=&#8221;stretch_row_content_no_spaces&#8221; el_class=&#8221;sp-page-title&#8221;][vc_column][\/vc_column][\/vc_row][vc_row][vc_column][vc_column_text] Tworzenie i projektowanie stron internetowych Przy tworzeniu strony internetowej agencja cyfrowa noviSplet zaj\u0119\u0142a si\u0119: Projektowaniem UX projektowaniem stron internetowych, aspektem technicznym, wdro\u017ceniem ca\u0142ego projektu. Wi\u0119cej informacji znajdziecie na stronie www.novisplet.eu Zawarto\u015b\u0107 strony internetowej Teksty i obrazy na stronie s\u0105 tworzone przez Modularis TEH d.o.o.[\/vc_column_text][\/vc_column][\/vc_row][vc_row][vc_column][vc_empty_space][\/vc_column][\/vc_row]<\/p>\n","protected":false},"author":1,"featured_media":0,"parent":0,"menu_order":12,"comment_status":"closed","ping_status":"closed","template":"","meta":{"footnotes":""},"class_list":["post-12987","page","type-page","status-publish","hentry"],"_links":{"self":[{"href":"https:\/\/www.modularis-drive.com\/pl\/wp-json\/wp\/v2\/pages\/12987","targetHints":{"allow":["GET"]}}],"collection":[{"href":"https:\/\/www.modularis-drive.com\/pl\/wp-json\/wp\/v2\/pages"}],"about":[{"href":"https:\/\/www.modularis-drive.com\/pl\/wp-json\/wp\/v2\/types\/page"}],"author":[{"embeddable":true,"href":"https:\/\/www.modularis-drive.com\/pl\/wp-json\/wp\/v2\/users\/1"}],"replies":[{"embeddable":true,"href":"https:\/\/www.modularis-drive.com\/pl\/wp-json\/wp\/v2\/comments?post=12987"}],"version-history":[{"count":0,"href":"https:\/\/www.modularis-drive.com\/pl\/wp-json\/wp\/v2\/pages\/12987\/revisions"}],"wp:attachment":[{"href":"https:\/\/www.modularis-drive.com\/pl\/wp-json\/wp\/v2\/media?parent=12987"}],"curies":[{"name":"wp","href":"https:\/\/api.w.org\/{rel}","templated":true}]}}