{"id":10294,"date":"2024-08-11T21:40:38","date_gmt":"2024-08-11T19:40:38","guid":{"rendered":"https:\/\/www.modularis-drive.com\/?page_id=10294"},"modified":"2025-11-21T13:11:06","modified_gmt":"2025-11-21T12:11:06","slug":"najem-orodij","status":"publish","type":"page","link":"https:\/\/www.modularis-drive.com\/sl\/najem-orodij\/","title":{"rendered":"Najem priklju\u010dkov za bager, naklada\u010d, rovokopa\u010d in traktor"},"content":{"rendered":"<div class=\"wpb-content-wrapper\"><p>[vc_row full_width=&#8221;stretch_row_content_no_spaces&#8221; el_class=&#8221;sp-page-title&#8221;][vc_column]\t\t\n\t\t<div class=\"title-banner\" style=\"background-image: linear-gradient(rgba(29, 30, 33, 0.85),rgba(29, 30, 33, 0.85)),url(https:\/\/www.modularis-drive.com\/wp-content\/uploads\/2024\/08\/banner-mulcher.jpg);\">\n\t\t\t<div class=\"container\">\n\t\t\t\t<div class=\"breadcrumbs-container\">\n\t\t\t\t\t\t<div class=\"breadcrumbs\">\n\t\t\t\t\t\t\t\n\t<ul class=\"ns-breadcrumbs\">\n\t\t\t<li><a href=\"https:\/\/www.modularis-drive.com\/sl\/\">Domov<\/a><\/li>\n\t\t\t\t<li>Najem priklju\u010dkov za bager, naklada\u010d, rovokopa\u010d in traktor<\/li>\n\t<\/ul>\n\t\n\t\t\t\t\t\t\t\t<div class=\"clearfix\"><\/div>\n\t\t\t\t\t\t<\/div>\n\t\t\t\t<\/div>\n\t\t\t\t<h1 class=\"entry-title\">Najem priklju\u010dkov za bager, naklada\u010d, rovokopa\u010d in traktor<\/h1>\n\t\t\t\t\t\t\t<\/div>\n\t\t<\/div>\n\n\t\t[\/vc_column][\/vc_row][vc_row][vc_column][vc_column_text]<\/p>\n<h4><span style=\"color: #7ab51e;\">Najem Modularis priklju\u010dkov za gradbeni\u0161tvo, kmetijstvo in gozdarstvo<\/span><\/h4>\n<p>[\/vc_column_text][vc_column_text]Priklju\u010dki za vsako potrebo \u2013 hiter in enostaven najem me\u0161alnih \u017elic, grabe\u017eev, mul\u010derjev in ostalih priklju\u010dkov!<\/p>\n<p>Pri Modularis Drive vam ponujamo \u0161iroko paleto vrhunskih priklju\u010dkov za gradbeni\u0161tvo, kmetijstvo in gozdarstvo, ki so na voljo za va\u0161e delovne stroje. Izbirate lahko med 7-dnevnim, 14-dnevni, in 30-dnevnim najemom, ali pa se dogovorimo za \u010dasovni okvir po va\u0161i meri, tako da bo najem popolnoma prilagojen va\u0161im \u017eeljam. \u010ce imate kraj\u0161i projekt ali pa potrebujete dolo\u010den priklju\u010dek samo za dolo\u010den \u010das, je najem odli\u010dna in stro\u0161kovno u\u010dinkovita re\u0161itev.[\/vc_column_text][\/vc_column][\/vc_row][vc_row][vc_column][vc_column_text]<\/p>\n<h4><span style=\"color: #7ab51e;\">Kako najeti priklju\u010dek Modularis Drive?<\/span><\/h4>\n<p>1.) Izberite priklju\u010dek in \u017eelen \u010dasovni razpon.<\/p>\n<p>2.) Izpolnite<span style=\"color: #7ab51e;\"> <a style=\"color: #7ab51e;\" href=\"https:\/\/www.modularis-drive.com\/sl\/kontakt\/\">kontaktni obrazec.<\/a><\/span><\/p>\n<p>3.) V <span class=\"ui-provider a b c d e f g h i j k l m n o p q r s t u v w x y z ab ac ae af ag ah ai aj ak\" dir=\"ltr\"> najkraj\u0161em mo\u017enem \u010dasu vam bomo pripravili ponudbo.<\/span>[\/vc_column_text][vc_empty_space][vc_empty_space][\/vc_column][\/vc_row][vc_row][vc_column][vc_column_text]<\/p>\n<h3 style=\"text-align: center;\"><span style=\"color: #ffffff;\">NAJEM PRIKLJU\u010cKOV ZA GRADBENI\u0160TVO, GOZDARSTVO IN KMETIJSTVO<\/span><\/h3>\n<p>[\/vc_column_text][vc_empty_space][\/vc_column][\/vc_row][vc_row][vc_column width=&#8221;1\/2&#8243;][vc_single_image image=&#8221;4946&#8243; alignment=&#8221;center&#8221;][\/vc_column][vc_column width=&#8221;1\/2&#8243;][vc_column_text]<\/p>\n<h4><strong><span style=\"color: #7ab51e;\">PROMO PONUDBA<\/span><\/strong><\/h4>\n<h4><span style=\"color: #ffffff;\">NAJEM MUL\u010cERJA ZA BAGER<\/span><\/h4>\n<p>Brezpla\u010dna dostava in priklop na stroj[\/vc_column_text][vc_column_text]<\/p>\n<table style=\"height: 73px;\" width=\"559\">\n<tbody>\n<tr>\n<td style=\"background-color: #878383;\"><span style=\"color: #ffffff;\">Te\u017ea delovnega stroja<\/span><\/td>\n<td style=\"background-color: #878383;\"><span style=\"color: #ffffff;\">Najem 7 dni<\/span><\/td>\n<td style=\"background-color: #878383;\"><span style=\"color: #ffffff;\">Najem 14 dni<\/span><\/td>\n<td style=\"background-color: #878383;\"><span style=\"color: #ffffff;\">Najem 30 dni<\/span><\/td>\n<\/tr>\n<tr>\n<td><span style=\"color: #ffffff;\">6-12 ton<\/span><\/td>\n<td><span style=\"color: #ffffff;\">\u20ac414<\/span><\/td>\n<td><span style=\"color: #ffffff;\">\u20ac621<\/span><\/td>\n<td><span style=\"color: #ffffff;\">\u20ac1035<\/span><\/td>\n<\/tr>\n<\/tbody>\n<\/table>\n<p>[\/vc_column_text]\t\t\n\t\t<a href=\"https:\/\/www.modularis-drive.com\/sl\/product\/mulcer-za-bager\/\" target=\"\" class=\"btn  btn-default btn-lg \" id=\"\">Ve\u010d o izdelku<\/a>\n\n\t\t[\/vc_column][\/vc_row][vc_row][vc_column][vc_separator][vc_empty_space][\/vc_column][\/vc_row][vc_row][vc_column width=&#8221;1\/2&#8243;][vc_single_image image=&#8221;2641&#8243; alignment=&#8221;center&#8221;][\/vc_column][vc_column width=&#8221;1\/2&#8243;][vc_column_text]<\/p>\n<h4><span style=\"color: #ffffff;\">NAJEM UNIVERZALNEGA GRABE\u017dA BEST GRIP (Multifunkcijski)<\/span><\/h4>\n<p>[\/vc_column_text][vc_column_text]<\/p>\n<table style=\"height: 122px;\" width=\"558\">\n<tbody>\n<tr>\n<td style=\"background-color: #878383;\"><span style=\"color: #ffffff;\">Te\u017ea delovnega stroja<\/span><\/td>\n<td style=\"background-color: #878383;\"><span style=\"color: #ffffff;\">Najem 7 dni<\/span><\/td>\n<td style=\"background-color: #878383;\"><span style=\"color: #ffffff;\">Najem 14 dni<\/span><\/td>\n<td style=\"background-color: #878383;\"><span style=\"color: #ffffff;\">Najem 30 dni<\/span><\/td>\n<\/tr>\n<tr>\n<td><span style=\"color: #ffffff;\">3-6 ton<\/span><\/td>\n<td><span style=\"color: #ffffff;\">\u20ac312<\/span><\/td>\n<td><span style=\"color: #ffffff;\">\u20ac468<\/span><\/td>\n<td><span style=\"color: #ffffff;\">\u20ac780<\/span><\/td>\n<\/tr>\n<tr>\n<td><span style=\"color: #ffffff;\">5-9 ton<\/span><\/td>\n<td><span style=\"color: #ffffff;\">\u20ac356<\/span><\/td>\n<td><span style=\"color: #ffffff;\">\u20ac534<\/span><\/td>\n<td><span style=\"color: #ffffff;\">\u20ac889<\/span><\/td>\n<\/tr>\n<tr>\n<td><span style=\"color: #ffffff;\">9-15 ton<\/span><\/td>\n<td><span style=\"color: #ffffff;\">\u20ac418<\/span><\/td>\n<td><span style=\"color: #ffffff;\">\u20ac627<\/span><\/td>\n<td><span style=\"color: #ffffff;\">\u20ac1046<\/span><\/td>\n<\/tr>\n<\/tbody>\n<\/table>\n<p>[\/vc_column_text]\t\t\n\t\t<a href=\"https:\/\/www.modularis-drive.com\/sl\/product\/univerzalni-grabez-best-grip\/\" target=\"\" class=\"btn  btn-default btn-lg \" id=\"\">Ve\u010d o izdelku<\/a>\n\n\t\t[\/vc_column][\/vc_row][vc_row][vc_column][vc_separator][vc_empty_space][\/vc_column][\/vc_row][vc_row][vc_column width=&#8221;1\/2&#8243;][vc_single_image image=&#8221;4957&#8243; alignment=&#8221;center&#8221;][\/vc_column][vc_column width=&#8221;1\/2&#8243;][vc_column_text]<\/p>\n<h4><span style=\"color: #ffffff;\">NAJEM UNIVERZALNEGA GRABE\u017dA BEST GRIP (Standardni)<\/span><\/h4>\n<p>[\/vc_column_text][vc_column_text]<\/p>\n<table style=\"height: 80px;\" width=\"563\">\n<tbody>\n<tr>\n<td style=\"background-color: #878383;\"><span style=\"color: #ffffff;\">Te\u017ea delovnega stroja<\/span><\/td>\n<td style=\"background-color: #878383;\"><span style=\"color: #ffffff;\">Najem 7 dni<\/span><\/td>\n<td style=\"background-color: #878383;\"><span style=\"color: #ffffff;\">Najem 14 dni<\/span><\/td>\n<td style=\"background-color: #878383;\"><span style=\"color: #ffffff;\">Najem 30 dni<\/span><\/td>\n<\/tr>\n<tr>\n<td><span style=\"color: #ffffff;\">5-9 ton<\/span><\/td>\n<td><span style=\"color: #ffffff;\">\u20ac309<\/span><\/td>\n<td><span style=\"color: #ffffff;\">\u20ac463<\/span><\/td>\n<td><span style=\"color: #ffffff;\">\u20ac771<\/span><\/td>\n<\/tr>\n<\/tbody>\n<\/table>\n<p>[\/vc_column_text]\t\t\n\t\t<a href=\"https:\/\/www.modularis-drive.com\/sl\/product\/univerzalni-grabez-best-grip-standard\/\" target=\"\" class=\"btn  btn-default btn-lg \" id=\"\">Ve\u010d o izdelku<\/a>\n\n\t\t[\/vc_column][\/vc_row][vc_row][vc_column][vc_separator][vc_empty_space][\/vc_column][\/vc_row][vc_row][vc_column width=&#8221;1\/2&#8243;][vc_single_image image=&#8221;5418&#8243; alignment=&#8221;center&#8221;][\/vc_column][vc_column width=&#8221;1\/2&#8243;][vc_column_text]<\/p>\n<h4><span style=\"color: #ffffff;\">NAJEM GRABE\u017dA ZA SORTIRANJE (Standardni)<\/span><\/h4>\n<p>[\/vc_column_text][vc_column_text]<\/p>\n<table style=\"height: 86px;\" width=\"558\">\n<tbody>\n<tr>\n<td style=\"background-color: #878383;\"><span style=\"color: #ffffff;\">Te\u017ea delovnega stroja<\/span><\/td>\n<td style=\"background-color: #878383;\"><span style=\"color: #ffffff;\">Najem 7 dni<\/span><\/td>\n<td style=\"background-color: #878383;\"><span style=\"color: #ffffff;\">Najem 14 dni<\/span><\/td>\n<td style=\"background-color: #878383;\"><span style=\"color: #ffffff;\">Najem 30 dni<\/span><\/td>\n<\/tr>\n<tr>\n<td><span style=\"color: #ffffff;\">19-25 ton<\/span><\/td>\n<td><span style=\"color: #ffffff;\">\u20ac671<\/span><\/td>\n<td><span style=\"color: #ffffff;\">\u20ac1006<\/span><\/td>\n<td><span style=\"color: #ffffff;\">\u20ac1677<\/span><\/td>\n<\/tr>\n<\/tbody>\n<\/table>\n<p>[\/vc_column_text]\t\t\n\t\t<a href=\"https:\/\/www.modularis-drive.com\/sl\/product\/grabez-za-sortiranje-standard\/\" target=\"\" class=\"btn  btn-default btn-lg \" id=\"\">Ve\u010d o izdelku<\/a>\n\n\t\t[\/vc_column][\/vc_row][vc_row][vc_column][vc_separator][vc_empty_space][\/vc_column][\/vc_row][vc_row][vc_column width=&#8221;1\/2&#8243;][vc_single_image image=&#8221;3778&#8243; alignment=&#8221;center&#8221;][\/vc_column][vc_column width=&#8221;1\/2&#8243;][vc_column_text]<\/p>\n<h4><span style=\"color: #ffffff;\">\u00a0NAJEM \u0160\u010cIPALNIH KLE\u0160\u010c ZA LES &#8211; z rotacijo 360\u00b0<\/span><\/h4>\n<p>[\/vc_column_text][vc_column_text]<\/p>\n<table style=\"height: 86px;\" width=\"558\">\n<tbody>\n<tr>\n<td style=\"background-color: #878383;\"><span style=\"color: #ffffff;\">Te\u017ea delovnega stroja<\/span><\/td>\n<td style=\"background-color: #878383;\"><span style=\"color: #ffffff;\">Najem 7 dni<\/span><\/td>\n<td style=\"background-color: #878383;\"><span style=\"color: #ffffff;\">Najem 14 dni<\/span><\/td>\n<td style=\"background-color: #878383;\"><span style=\"color: #ffffff;\">Najem 30 dni<\/span><\/td>\n<\/tr>\n<tr>\n<td><span style=\"color: #ffffff;\">3-6 ton<\/span><\/td>\n<td><span style=\"color: #ffffff;\">\u20ac332<\/span><\/td>\n<td><span style=\"color: #ffffff;\">\u20ac499<\/span><\/td>\n<td><span style=\"color: #ffffff;\">\u20ac831<\/span><\/td>\n<\/tr>\n<tr>\n<td><span style=\"color: #ffffff;\">5-9 ton<\/span><\/td>\n<td><span style=\"color: #ffffff;\">\u20ac375<\/span><\/td>\n<td><span style=\"color: #ffffff;\">\u20ac562<\/span><\/td>\n<td><span style=\"color: #ffffff;\">\u20ac937<\/span><\/td>\n<\/tr>\n<tr>\n<td><span style=\"color: #ffffff;\">9-15 ton<\/span><\/td>\n<td><span style=\"color: #ffffff;\">\u20ac440<\/span><\/td>\n<td><span style=\"color: #ffffff;\">\u20ac660<\/span><\/td>\n<td><span style=\"color: #ffffff;\">\u20ac1099<\/span><\/td>\n<\/tr>\n<\/tbody>\n<\/table>\n<p>[\/vc_column_text]\t\t\n\t\t<a href=\"https:\/\/www.modularis-drive.com\/sl\/product\/grabez-scipalne-klesce-za-les\/\" target=\"\" class=\"btn  btn-default btn-lg \" id=\"\">Ve\u010d o izdelku<\/a>\n\n\t\t[\/vc_column][\/vc_row][vc_row][vc_column][vc_separator][vc_empty_space][\/vc_column][\/vc_row][vc_row][vc_column width=&#8221;1\/2&#8243;][vc_single_image image=&#8221;3575&#8243; alignment=&#8221;center&#8221;][\/vc_column][vc_column width=&#8221;1\/2&#8243;][vc_column_text]<\/p>\n<h4><span style=\"color: #ffffff;\">NAJEM SEJALNE \u017dLICE<\/span><\/h4>\n<p>[\/vc_column_text][vc_column_text]<\/p>\n<table style=\"height: 86px;\" width=\"558\">\n<tbody>\n<tr>\n<td style=\"background-color: #878383;\"><span style=\"color: #ffffff;\">Te\u017ea delovnega stroja<\/span><\/td>\n<td style=\"background-color: #878383;\"><span style=\"color: #ffffff;\">Najem 7 dni<\/span><\/td>\n<td style=\"background-color: #878383;\"><span style=\"color: #ffffff;\">Najem 14 dni<\/span><\/td>\n<td style=\"background-color: #878383;\"><span style=\"color: #ffffff;\">Najem 30 dni<\/span><\/td>\n<\/tr>\n<tr>\n<td><span style=\"color: #ffffff;\">5-9 ton<\/span><\/td>\n<td><span style=\"color: #ffffff;\">\u20ac380<\/span><\/td>\n<td><span style=\"color: #ffffff;\">\u20ac569<\/span><\/td>\n<td><span style=\"color: #ffffff;\">\u20ac949<\/span><\/td>\n<\/tr>\n<tr>\n<td><span style=\"color: #ffffff;\">9-15 ton<\/span><\/td>\n<td><span style=\"color: #ffffff;\">\u20ac533<\/span><\/td>\n<td><span style=\"color: #ffffff;\">\u20ac799<\/span><\/td>\n<td><span style=\"color: #ffffff;\">\u20ac1332<\/span><\/td>\n<\/tr>\n<\/tbody>\n<\/table>\n<p>[\/vc_column_text]\t\t\n\t\t<a href=\"https:\/\/www.modularis-drive.com\/sl\/product\/sejalni-boben\/\" target=\"\" class=\"btn  btn-default btn-lg \" id=\"\">Ve\u010d o izdelku<\/a>\n\n\t\t[\/vc_column][\/vc_row][vc_row][vc_column][vc_separator][vc_empty_space][\/vc_column][\/vc_row][vc_row][vc_column width=&#8221;1\/2&#8243;][vc_single_image image=&#8221;5183&#8243; alignment=&#8221;center&#8221;][\/vc_column][vc_column width=&#8221;1\/2&#8243;][vc_column_text]<\/p>\n<h4><span style=\"color: #ffffff;\">NAJEM VIBRO PLO\u0160\u010cE ZA BAGER<\/span><\/h4>\n<p>[\/vc_column_text][vc_column_text]<\/p>\n<table style=\"height: 86px;\" width=\"558\">\n<tbody>\n<tr>\n<td style=\"background-color: #878383;\"><span style=\"color: #ffffff;\">Te\u017ea delovnega stroja<\/span><\/td>\n<td style=\"background-color: #878383;\"><span style=\"color: #ffffff;\">Najem 7 dni<\/span><\/td>\n<td style=\"background-color: #878383;\"><span style=\"color: #ffffff;\">Najem 14 dni<\/span><\/td>\n<td style=\"background-color: #878383;\"><span style=\"color: #ffffff;\">Najem 30 dni<\/span><\/td>\n<\/tr>\n<tr>\n<td><span style=\"color: #ffffff;\">5-9 ton<\/span><\/td>\n<td><span style=\"color: #ffffff;\">\u20ac98<\/span><\/td>\n<td><span style=\"color: #ffffff;\">\u20ac147<\/span><\/td>\n<td><span style=\"color: #ffffff;\">\u20ac245<\/span><\/td>\n<\/tr>\n<tr>\n<td><span style=\"color: #ffffff;\">9-15 ton<\/span><\/td>\n<td><span style=\"color: #ffffff;\">\u20ac170<\/span><\/td>\n<td><span style=\"color: #ffffff;\">\u20ac255<\/span><\/td>\n<td><span style=\"color: #ffffff;\">\u20ac425<\/span><\/td>\n<\/tr>\n<\/tbody>\n<\/table>\n<p>[\/vc_column_text]\t\t\n\t\t<a href=\"https:\/\/www.modularis-drive.com\/sl\/product\/vibracijska-plosca-za-bager\/\" target=\"\" class=\"btn  btn-default btn-lg \" id=\"\">Ve\u010d o izdelku<\/a>\n\n\t\t[\/vc_column][\/vc_row][vc_row][vc_column][vc_separator][vc_empty_space][\/vc_column][\/vc_row][vc_row][vc_column width=&#8221;1\/2&#8243;][vc_single_image image=&#8221;5037&#8243; alignment=&#8221;center&#8221;][\/vc_column][vc_column width=&#8221;1\/2&#8243;][vc_column_text]<\/p>\n<h4><span style=\"color: #ffffff;\">NAJEM DROBILNIH KLE\u0160\u010c ZA BETON IN ARMATURO (z rotacijo 360\u00b0)<\/span><\/h4>\n<p>[\/vc_column_text][vc_column_text]<\/p>\n<table style=\"height: 86px;\" width=\"558\">\n<tbody>\n<tr>\n<td style=\"background-color: #878383;\"><span style=\"color: #ffffff;\">Te\u017ea delovnega stroja<\/span><\/td>\n<td style=\"background-color: #878383;\"><span style=\"color: #ffffff;\">Najem 7 dni<\/span><\/td>\n<td style=\"background-color: #878383;\"><span style=\"color: #ffffff;\">Najem 14 dni<\/span><\/td>\n<td style=\"background-color: #878383;\"><span style=\"color: #ffffff;\">Najem 30 dni<\/span><\/td>\n<\/tr>\n<tr>\n<td><span style=\"color: #ffffff;\">6-12 ton<\/span><\/td>\n<td><span style=\"color: #ffffff;\">\u20ac297<\/span><\/td>\n<td><span style=\"color: #ffffff;\">\u20ac446<\/span><\/td>\n<td><span style=\"color: #ffffff;\">\u20ac743<\/span><\/td>\n<\/tr>\n<\/tbody>\n<\/table>\n<p>[\/vc_column_text]\t\t\n\t\t<a href=\"https:\/\/www.modularis-drive.com\/sl\/product\/drobilne-klesce-za-beton\/\" target=\"\" class=\"btn  btn-default btn-lg \" id=\"\">Ve\u010d o izdelku<\/a>\n\n\t\t[\/vc_column][\/vc_row][vc_row][vc_column][vc_separator][vc_empty_space][\/vc_column][\/vc_row][vc_row][vc_column width=&#8221;1\/2&#8243;][vc_single_image image=&#8221;5169&#8243; alignment=&#8221;center&#8221;][\/vc_column][vc_column width=&#8221;1\/2&#8243;][vc_column_text]<\/p>\n<h4><span style=\"color: #ffffff;\">NAJEM VRTALNE GARNITURE &#8211; VIJA\u010cNEGA SVEDRA ZA ZEMLJO<\/span><\/h4>\n<p>[\/vc_column_text][vc_column_text]<\/p>\n<table style=\"height: 86px;\" width=\"558\">\n<tbody>\n<tr>\n<td style=\"background-color: #878383;\"><span style=\"color: #ffffff;\">Te\u017ea delovnega stroja<\/span><\/td>\n<td style=\"background-color: #878383;\"><span style=\"color: #ffffff;\">Najem 7 dni<\/span><\/td>\n<td style=\"background-color: #878383;\"><span style=\"color: #ffffff;\">Najem 14 dni<\/span><\/td>\n<td style=\"background-color: #878383;\"><span style=\"color: #ffffff;\">Najem 30 dni<\/span><\/td>\n<\/tr>\n<tr>\n<td><span style=\"color: #ffffff;\">6-16 ton<\/span><\/td>\n<td><span style=\"color: #ffffff;\">\u20ac268<\/span><\/td>\n<td><span style=\"color: #ffffff;\">\u20ac403<\/span><\/td>\n<td><span style=\"color: #ffffff;\">\u20ac671<\/span><\/td>\n<\/tr>\n<\/tbody>\n<\/table>\n<p>[\/vc_column_text]\t\t\n\t\t<a href=\"https:\/\/www.modularis-drive.com\/sl\/product\/vijacni-sveder-za-zemljo\/\" target=\"\" class=\"btn  btn-default btn-lg \" id=\"\">Ve\u010d o izdelku<\/a>\n\n\t\t[\/vc_column][\/vc_row][vc_row][vc_column][vc_separator][vc_empty_space][\/vc_column][\/vc_row][vc_row][vc_column width=&#8221;1\/2&#8243;][vc_single_image image=&#8221;5041&#8243; alignment=&#8221;center&#8221;][\/vc_column][vc_column width=&#8221;1\/2&#8243;][vc_column_text]<\/p>\n<h4><span style=\"color: #ffffff;\">NAJEM PORAVNALNEGA GREDERJA ZA BAGER<\/span><\/h4>\n<p>[\/vc_column_text][vc_column_text]<\/p>\n<table style=\"height: 86px;\" width=\"558\">\n<tbody>\n<tr>\n<td style=\"background-color: #878383;\"><span style=\"color: #ffffff;\">Te\u017ea delovnega stroja<\/span><\/td>\n<td style=\"background-color: #878383;\"><span style=\"color: #ffffff;\">Najem 7 dni<\/span><\/td>\n<td style=\"background-color: #878383;\"><span style=\"color: #ffffff;\">Najem 14 dni<\/span><\/td>\n<td style=\"background-color: #878383;\"><span style=\"color: #ffffff;\">Najem 30 dni<\/span><\/td>\n<\/tr>\n<tr>\n<td><span style=\"color: #ffffff;\">6-9 ton<\/span><\/td>\n<td><span style=\"color: #ffffff;\">\u20ac89<\/span><\/td>\n<td><span style=\"color: #ffffff;\">\u20ac133<\/span><\/td>\n<td><span style=\"color: #ffffff;\">\u20ac222<\/span><\/td>\n<\/tr>\n<tr>\n<td><span style=\"color: #ffffff;\">9-16 ton<\/span><\/td>\n<td><span style=\"color: #ffffff;\">\u20ac112<\/span><\/td>\n<td><span style=\"color: #ffffff;\">\u20ac168<\/span><\/td>\n<td><span style=\"color: #ffffff;\">\u20ac280<\/span><\/td>\n<\/tr>\n<\/tbody>\n<\/table>\n<p>[\/vc_column_text]\t\t\n\t\t<a href=\"https:\/\/www.modularis-drive.com\/sl\/product\/poravnalni-greder\/\" target=\"\" class=\"btn  btn-default btn-lg \" id=\"\">Ve\u010d o izdelku<\/a>\n\n\t\t[\/vc_column][\/vc_row][vc_row][vc_column][vc_separator][vc_empty_space][\/vc_column][\/vc_row][vc_row][vc_column width=&#8221;1\/2&#8243;][vc_single_image image=&#8221;4953&#8243; alignment=&#8221;center&#8221;][\/vc_column][vc_column width=&#8221;1\/2&#8243;][vc_column_text]<\/p>\n<h4><span style=\"color: #ffffff;\">NAJEM METLE ZA BAGER<\/span><\/h4>\n<p>[\/vc_column_text][vc_column_text]<\/p>\n<table style=\"height: 69px;\" width=\"559\">\n<tbody>\n<tr>\n<td style=\"background-color: #878383;\"><span style=\"color: #ffffff;\">Te\u017ea delovnega stroja<\/span><\/td>\n<td style=\"background-color: #878383;\"><span style=\"color: #ffffff;\">Najem 7 dni<\/span><\/td>\n<td style=\"background-color: #878383;\"><span style=\"color: #ffffff;\">Najem 14 dni<\/span><\/td>\n<td style=\"background-color: #878383;\"><span style=\"color: #ffffff;\">Najem 30 dni<\/span><\/td>\n<\/tr>\n<tr>\n<td><span style=\"color: #ffffff;\">6-16 ton<\/span><\/td>\n<td><span style=\"color: #ffffff;\">\u20ac222<\/span><\/td>\n<td><span style=\"color: #ffffff;\">\u20ac334<\/span><\/td>\n<td><span style=\"color: #ffffff;\">\u20ac556<\/span><\/td>\n<\/tr>\n<\/tbody>\n<\/table>\n<p>[\/vc_column_text]\t\t\n\t\t<a href=\"https:\/\/www.modularis-drive.com\/sl\/product\/metla-za-bager\/\" target=\"\" class=\"btn  btn-default btn-lg \" id=\"\">Ve\u010d o izdelku<\/a>\n\n\t\t[\/vc_column][\/vc_row][vc_row][vc_column][vc_separator][vc_empty_space][\/vc_column][\/vc_row][vc_row][vc_column width=&#8221;1\/2&#8243;][vc_single_image image=&#8221;5055&#8243; alignment=&#8221;center&#8221;][\/vc_column][vc_column width=&#8221;1\/2&#8243;][vc_column_text]<\/p>\n<h4><span style=\"color: #ffffff;\">NAJEM ME\u0160ALNE \u017dLICE ZA BETON za bager<\/span><\/h4>\n<p>[\/vc_column_text][vc_column_text]<\/p>\n<table style=\"height: 69px;\" width=\"558\">\n<tbody>\n<tr>\n<td style=\"background-color: #878383;\"><span style=\"color: #ffffff;\">Te\u017ea delovnega stroja<\/span><\/td>\n<td style=\"background-color: #878383;\"><span style=\"color: #ffffff;\">Najem 7 dni<\/span><\/td>\n<td style=\"background-color: #878383;\"><span style=\"color: #ffffff;\">Najem 14 dni<\/span><\/td>\n<td style=\"background-color: #878383;\"><span style=\"color: #ffffff;\">Najem 30 dni<\/span><\/td>\n<\/tr>\n<tr>\n<td><span style=\"color: #ffffff;\">3-6 ton<\/span><\/td>\n<td><span style=\"color: #ffffff;\">\u20ac185<\/span><\/td>\n<td><span style=\"color: #ffffff;\">\u20ac278<\/span><\/td>\n<td><span style=\"color: #ffffff;\">\u20ac463<\/span><\/td>\n<\/tr>\n<tr>\n<td><span style=\"color: #ffffff;\">5-9 ton<\/span><\/td>\n<td><span style=\"color: #ffffff;\">\u20ac197<\/span><\/td>\n<td><span style=\"color: #ffffff;\">\u20ac295<\/span><\/td>\n<td><span style=\"color: #ffffff;\">\u20ac492<\/span><\/td>\n<\/tr>\n<tr>\n<td><span style=\"color: #ffffff;\">9-12 ton<\/span><\/td>\n<td><span style=\"color: #ffffff;\">\u20ac208<\/span><\/td>\n<td><span style=\"color: #ffffff;\">\u20ac312<\/span><\/td>\n<td><span style=\"color: #ffffff;\">\u20ac519<\/span><\/td>\n<\/tr>\n<\/tbody>\n<\/table>\n<p>[\/vc_column_text]\t\t\n\t\t<a href=\"https:\/\/www.modularis-drive.com\/sl\/product\/mesalna-zlica-kibla-za-beton-bager\/\" target=\"\" class=\"btn  btn-default btn-lg \" id=\"\">Ve\u010d o izdelku<\/a>\n\n\t\t[\/vc_column][\/vc_row][vc_row][vc_column][vc_empty_space][vc_separator][vc_empty_space][\/vc_column][\/vc_row][vc_row][vc_column width=&#8221;1\/2&#8243;][vc_single_image image=&#8221;5052&#8243; alignment=&#8221;center&#8221;][\/vc_column][vc_column width=&#8221;1\/2&#8243;][vc_column_text]<\/p>\n<h4><span style=\"color: #ffffff;\">NAJEM ME\u0160ALNE \u017dLICE ZA BETON za naklada\u010d<\/span><\/h4>\n<p>[\/vc_column_text][vc_column_text]<\/p>\n<table style=\"height: 69px;\" width=\"559\">\n<tbody>\n<tr>\n<td style=\"background-color: #878383;\"><span style=\"color: #ffffff;\">Te\u017ea delovnega stroja<\/span><\/td>\n<td style=\"background-color: #878383;\"><span style=\"color: #ffffff;\">Najem 7 dni<\/span><\/td>\n<td style=\"background-color: #878383;\"><span style=\"color: #ffffff;\">Najem 14 dni<\/span><\/td>\n<td style=\"background-color: #878383;\"><span style=\"color: #ffffff;\">Najem 30 dni<\/span><\/td>\n<\/tr>\n<tr>\n<td><span style=\"color: #ffffff;\">2-3 tone<\/span><\/td>\n<td><span style=\"color: #ffffff;\">\u20ac197<\/span><\/td>\n<td><span style=\"color: #ffffff;\">\u20ac295<\/span><\/td>\n<td><span style=\"color: #ffffff;\">\u20ac492<\/span><\/td>\n<\/tr>\n<tr>\n<td><span style=\"color: #ffffff;\">3-5 ton<\/span><\/td>\n<td><span style=\"color: #ffffff;\">\u20ac208<\/span><\/td>\n<td><span style=\"color: #ffffff;\">\u20ac312<\/span><\/td>\n<td><span style=\"color: #ffffff;\">\u20ac519<\/span><\/td>\n<\/tr>\n<tr>\n<td><span style=\"color: #ffffff;\">5-6 ton<\/span><\/td>\n<td><span style=\"color: #ffffff;\">\u20ac271<\/span><\/td>\n<td><span style=\"color: #ffffff;\">\u20ac406<\/span><\/td>\n<td><span style=\"color: #ffffff;\">\u20ac677<\/span><\/td>\n<\/tr>\n<tr>\n<td><span style=\"color: #ffffff;\">6-8 ton<\/span><\/td>\n<td><span style=\"color: #ffffff;\">\u20ac299<\/span><\/td>\n<td><span style=\"color: #ffffff;\">\u20ac448<\/span><\/td>\n<td><span style=\"color: #ffffff;\">\u20ac747<\/span><\/td>\n<\/tr>\n<tr>\n<td><span style=\"color: #ffffff;\">9-12 ton<\/span><\/td>\n<td><span style=\"color: #ffffff;\">\u20ac467<\/span><\/td>\n<td><span style=\"color: #ffffff;\">\u20ac700<\/span><\/td>\n<td><span style=\"color: #ffffff;\">\u20ac1.167<\/span><\/td>\n<\/tr>\n<\/tbody>\n<\/table>\n<p>[\/vc_column_text]\t\t\n\t\t<a href=\"https:\/\/www.modularis-drive.com\/sl\/product\/mesalna-zlica-za-beton-nakladalec\/\" target=\"\" class=\"btn  btn-default btn-lg \" id=\"\">Ve\u010d o izdelku<\/a>\n\n\t\t[\/vc_column][\/vc_row][vc_row][vc_column][vc_empty_space height=&#8221;64px&#8221;][\/vc_column][\/vc_row]<\/p>\n<\/div>","protected":false},"excerpt":{"rendered":"<p>[vc_row full_width=&#8221;stretch_row_content_no_spaces&#8221; el_class=&#8221;sp-page-title&#8221;][vc_column][\/vc_column][\/vc_row][vc_row][vc_column][vc_column_text] Najem Modularis priklju\u010dkov za gradbeni\u0161tvo, kmetijstvo in gozdarstvo [\/vc_column_text][vc_column_text]Priklju\u010dki za vsako potrebo \u2013 hiter in enostaven najem me\u0161alnih \u017elic, grabe\u017eev, mul\u010derjev in ostalih priklju\u010dkov! Pri Modularis Drive vam ponujamo \u0161iroko paleto vrhunskih priklju\u010dkov za gradbeni\u0161tvo, kmetijstvo in gozdarstvo, ki so na voljo za va\u0161e delovne stroje. Izbirate lahko med 7-dnevnim, 14-dnevni, in 30-dnevnim najemom, ali pa se dogovorimo za \u010dasovni okvir po va\u0161i meri, tako da bo najem popolnoma prilagojen va\u0161im \u017eeljam. \u010ce imate kraj\u0161i projekt ali pa potrebujete dolo\u010den priklju\u010dek samo za dolo\u010den \u010das, je najem odli\u010dna in stro\u0161kovno u\u010dinkovita re\u0161itev.[\/vc_column_text][\/vc_column][\/vc_row][vc_row][vc_column][vc_column_text] Kako najeti priklju\u010dek Modularis Drive? 1.) Izberite priklju\u010dek in \u017eelen \u010dasovni razpon. 2.) Izpolnite kontaktni obrazec. 3.) V najkraj\u0161em mo\u017enem \u010dasu vam bomo pripravili ponudbo.[\/vc_column_text][vc_empty_space][vc_empty_space][\/vc_column][\/vc_row][vc_row][vc_column][vc_column_text] [&hellip;]<\/p>\n","protected":false},"author":2,"featured_media":0,"parent":0,"menu_order":0,"comment_status":"closed","ping_status":"closed","template":"","meta":{"footnotes":""},"class_list":["post-10294","page","type-page","status-publish","hentry"],"_links":{"self":[{"href":"https:\/\/www.modularis-drive.com\/sl\/wp-json\/wp\/v2\/pages\/10294","targetHints":{"allow":["GET"]}}],"collection":[{"href":"https:\/\/www.modularis-drive.com\/sl\/wp-json\/wp\/v2\/pages"}],"about":[{"href":"https:\/\/www.modularis-drive.com\/sl\/wp-json\/wp\/v2\/types\/page"}],"author":[{"embeddable":true,"href":"https:\/\/www.modularis-drive.com\/sl\/wp-json\/wp\/v2\/users\/2"}],"replies":[{"embeddable":true,"href":"https:\/\/www.modularis-drive.com\/sl\/wp-json\/wp\/v2\/comments?post=10294"}],"version-history":[{"count":3,"href":"https:\/\/www.modularis-drive.com\/sl\/wp-json\/wp\/v2\/pages\/10294\/revisions"}],"predecessor-version":[{"id":19530,"href":"https:\/\/www.modularis-drive.com\/sl\/wp-json\/wp\/v2\/pages\/10294\/revisions\/19530"}],"wp:attachment":[{"href":"https:\/\/www.modularis-drive.com\/sl\/wp-json\/wp\/v2\/media?parent=10294"}],"curies":[{"name":"wp","href":"https:\/\/api.w.org\/{rel}","templated":true}]}}