{"id":1987,"date":"2023-10-16T08:51:17","date_gmt":"2023-10-16T06:51:17","guid":{"rendered":"https:\/\/www.modularis-drive.com\/contact\/"},"modified":"2024-05-25T14:15:42","modified_gmt":"2024-05-25T12:15:42","slug":"kontakt","status":"publish","type":"page","link":"https:\/\/www.modularis-drive.com\/sl\/kontakt\/","title":{"rendered":"Kontakt"},"content":{"rendered":"<div class=\"wpb-content-wrapper\"><p>[vc_row full_width=&#8221;stretch_row_content_no_spaces&#8221; el_class=&#8221;sp-page-title&#8221;][vc_column]\t\t\n\t\t<div class=\"title-banner\" style=\"background-image: linear-gradient(rgba(29, 30, 33, 0.85),rgba(29, 30, 33, 0.85)),url(https:\/\/www.modularis-drive.com\/wp-content\/uploads\/2024\/03\/contact-background.jpg);\">\n\t\t\t<div class=\"container\">\n\t\t\t\t<div class=\"breadcrumbs-container\">\n\t\t\t\t\t\t<div class=\"breadcrumbs\">\n\t\t\t\t\t\t\t\n\t<ul class=\"ns-breadcrumbs\">\n\t\t\t<li><a href=\"https:\/\/www.modularis-drive.com\/sl\/\">Domov<\/a><\/li>\n\t\t\t\t<li>Kontakt<\/li>\n\t<\/ul>\n\t\n\t\t\t\t\t\t\t\t<div class=\"clearfix\"><\/div>\n\t\t\t\t\t\t<\/div>\n\t\t\t\t<\/div>\n\t\t\t\t<h1 class=\"entry-title\">Kontakt<\/h1>\n\t\t\t\t\t\t\t<\/div>\n\t\t<\/div>\n\n\t\t[\/vc_column][\/vc_row][vc_row el_class=&#8221;sp-kontakt-sec-1&#8243;][vc_column width=&#8221;1\/6&#8243;][\/vc_column][vc_column width=&#8221;2\/3&#8243;][vc_row_inner][vc_column_inner width=&#8221;1\/3&#8243;]\t\t\r\n\t\t<p class=\"info \"><b>Modularis TEH d.o.o.<\/b><br>\r\nLjubljanska c. 11<br>\r\n1270 Litija, Slovenija<\/p>\r\n\r\n\t\t[\/vc_column_inner][vc_column_inner width=&#8221;2\/3&#8243;]\r\n\t\t<div class=\"wpb_raw_code wpb_content_element wpb_raw_html  \">\r\n      <div class=\"wpb_wrapper\">\r\n        \t\r\n              <a href=\"tel:+386 40 236 717\">\r\n                      <svg xmlns=\"http:\/\/www.w3.org\/2000\/svg\" width=\"18\" height=\"18\" viewBox=\"0 0 18 18\"><path id=\"Icon_awesome-phone-alt\" data-name=\"Icon awesome-phone-alt\" d=\"M17.487,12.72l-3.938-1.688a.844.844,0,0,0-.984.243l-1.744,2.13A13.031,13.031,0,0,1,4.591,7.176l2.13-1.744a.842.842,0,0,0,.243-.984L5.277.51A.849.849,0,0,0,4.31.022L.654.865A.844.844,0,0,0,0,1.688,16.311,16.311,0,0,0,16.313,18a.844.844,0,0,0,.823-.654l.844-3.656a.854.854,0,0,0-.493-.97Z\" transform=\"translate(0 0)\" fill=\"#00b333\"\/><\/svg> \r\n                      <span>\r\n                            <span class='hide-mobile'><\/span><span class='inner-contents'>040 236 717<\/span>\r\n              \r\n                      <\/span>\r\n                <\/a>\r\n              <\/div>\r\n    <\/div>\r\n\r\n\t\t\r\n<div class=\"wpb_raw_code wpb_content_element wpb_raw_html  \">\r\n      <div class=\"wpb_wrapper\">\r\n        \t\r\n              <a href=\"tel:+386 40 765 764\">\r\n                      <svg xmlns=\"http:\/\/www.w3.org\/2000\/svg\" width=\"18\" height=\"18\" viewBox=\"0 0 18 18\">\r\n    <path id=\"Icon_awesome-phone-alt\" data-name=\"Icon awesome-phone-alt\" d=\"M17.487,12.72l-3.938-1.688a.844.844,0,0,0-.984.243l-1.744,2.13A13.031,13.031,0,0,1,4.591,7.176l2.13-1.744a.842.842,0,0,0,.243-.984L5.277.51A.849.849,0,0,0,4.31.022L.654.865A.844.844,0,0,0,0,1.688,16.311,16.311,0,0,0,16.313,18a.844.844,0,0,0,.823-.654l.844-3.656a.854.854,0,0,0-.493-.97Z\" transform=\"translate(0 0)\" fill=\"#d32629\"\/><\/svg> \r\n                      <span>\r\n                            <span class='hide-mobile'><\/span><span class='inner-contents'>040 765 764<\/span>\r\n              \r\n                      <\/span>\r\n                <\/a>\r\n              <\/div>\r\n    <\/div>\r\n\t\t\t\t\r\n\t\t<div class=\"wpb_raw_code wpb_content_element wpb_raw_html  \">\r\n      <div class=\"wpb_wrapper\">\r\n             <a href=\"m&#x61;i&#x6c;&#x74;o&#x3a;i&#110;&#x66;o&#x40;m&#111;&#x64;u&#x6c;a&#114;&#x69;s&#x2d;&#x64;r&#x69;v&#101;&#x2e;c&#x6f;m\">\r\n                     \r\n                    <span>\r\n                          <span class='hide-mobile'><\/span>Email: \u00a0<span class='inner-contents'>i&#x6e;f&#111;&#x40;m&#x6f;d&#117;&#x6c;a&#x72;&#x69;s&#x2d;d&#114;&#x69;v&#x65;&#x2e;c&#x6f;m<\/span>\r\n            \r\n                    <\/span>\r\n            <\/a>\r\n      <\/div>\r\n    <\/div>\r\n\r\n\t\t[\/vc_column_inner][\/vc_row_inner][vc_empty_space height=&#8221;10px&#8221;]\n<div class=\"wpcf7 no-js\" id=\"wpcf7-f2049-o1\" lang=\"sl-SI\" dir=\"ltr\" data-wpcf7-id=\"2049\">\n<div class=\"screen-reader-response\"><p role=\"status\" aria-live=\"polite\" aria-atomic=\"true\"><\/p> <ul><\/ul><\/div>\n<form action=\"\/sl\/wp-json\/wp\/v2\/pages\/1987#wpcf7-f2049-o1\" method=\"post\" class=\"wpcf7-form init\" aria-label=\"Contact form\" novalidate=\"novalidate\" data-status=\"init\">\n<fieldset class=\"hidden-fields-container\"><input type=\"hidden\" name=\"_wpcf7\" value=\"2049\" \/><input type=\"hidden\" name=\"_wpcf7_version\" value=\"6.1\" \/><input type=\"hidden\" name=\"_wpcf7_locale\" value=\"sl_SI\" \/><input type=\"hidden\" name=\"_wpcf7_unit_tag\" value=\"wpcf7-f2049-o1\" \/><input type=\"hidden\" name=\"_wpcf7_container_post\" value=\"0\" \/><input type=\"hidden\" name=\"_wpcf7_posted_data_hash\" value=\"\" \/><input type=\"hidden\" name=\"_wpcf7_recaptcha_response\" value=\"\" \/>\n<\/fieldset>\n<h3>Po\u0161ljite povpra\u0161evanje\n<\/h3>\n<p>Po\u0161ljite povpra\u0161evanje in odgovorili vam bomo v najkraj\u0161em mo\u017enem \u010dasu.\n<\/p>\n<div id=\"ns-contact-field\">\n\t<p><span class=\"wpcf7-form-control-wrap\" data-name=\"ns-field\"><input size=\"40\" maxlength=\"400\" class=\"wpcf7-form-control wpcf7-text\" aria-invalid=\"false\" value=\"\" type=\"text\" name=\"ns-field\" \/><\/span>\n\t<\/p>\n<\/div>\n<div class=\"kont-povpr-izd-title\">\n\t<div>\n\t\t<p><b>Povpra\u0161evanje za podro\u010dje:<\/b>\n\t\t<\/p>\n\t<\/div>\n\t<p><span class=\"wpcf7-form-control-wrap\" data-name=\"prod\"><input size=\"40\" maxlength=\"400\" class=\"wpcf7-form-control wpcf7-text\" readonly=\"readonly\" aria-invalid=\"false\" value=\"\" type=\"text\" name=\"prod\" \/><\/span>\n\t<\/p>\n<\/div>\n<p class=\"p-input\"><span class=\"wpcf7-form-control-wrap\" data-name=\"your-name\"><input size=\"40\" maxlength=\"400\" class=\"wpcf7-form-control wpcf7-text wpcf7-validates-as-required\" aria-required=\"true\" aria-invalid=\"false\" placeholder=\"Ime in priimek *\" value=\"\" type=\"text\" name=\"your-name\" \/><\/span>\n<\/p>\n<p class=\"p-input\"><span class=\"wpcf7-form-control-wrap\" data-name=\"your-email\"><input size=\"40\" maxlength=\"400\" class=\"wpcf7-form-control wpcf7-email wpcf7-validates-as-required wpcf7-text wpcf7-validates-as-email\" aria-required=\"true\" aria-invalid=\"false\" placeholder=\"E-mail *\" value=\"\" type=\"email\" name=\"your-email\" \/><\/span>\n<\/p>\n<p class=\"p-input\"><span class=\"wpcf7-form-control-wrap\" data-name=\"your-tel\"><input size=\"40\" maxlength=\"400\" class=\"wpcf7-form-control wpcf7-text wpcf7-validates-as-required\" aria-required=\"true\" aria-invalid=\"false\" placeholder=\"Telefon *\" value=\"\" type=\"text\" name=\"your-tel\" \/><\/span>\n<\/p>\n<p class=\"p-input\"><span class=\"wpcf7-form-control-wrap\" data-name=\"your-message\"><textarea cols=\"40\" rows=\"10\" maxlength=\"2000\" class=\"wpcf7-form-control wpcf7-textarea\" aria-invalid=\"false\" placeholder=\"Va\u0161e sporo\u010dilo...\" name=\"your-message\"><\/textarea><\/span>\n<\/p>\n<p class=\"small-text\">Polja, ozna\u010dena z *, so obvezna!\n<\/p>\n<p class=\"small-text\"><span class=\"wpcf7-form-control-wrap\" data-name=\"your-gdpr\"><span class=\"wpcf7-form-control wpcf7-checkbox wpcf7-validates-as-required\"><span class=\"wpcf7-list-item first last\"><input type=\"checkbox\" name=\"your-gdpr[]\" value=\"*\" \/><span class=\"wpcf7-list-item-label\">*<\/span><\/span><\/span><\/span> Strinjam se, da dru\u017eba Modularis TEH d.o.o. hrani osebne podatke iz obrazca za interno uporabo in komunikacijo z mano za namene predlo\u017eenega zahtevka. Uporabnik lahko zahteva izbris osebnih podatkov po elektronski po\u0161ti <a href=\"mailto: &#x69;nf&#x6f;&#64;m&#x6f;&#100;u&#x6c;&#x61;r&#x69;&#x73;-d&#x72;&#105;v&#x65;&#46;c&#x6f;&#x6d;\"> &#x69;&#110;fo&#x40;&#x6d;od&#x75;&#x6c;&#97;ri&#x73;&#45;dr&#x69;&#x76;&#101;.&#x63;&#x6f;&#109; <\/a>.\n<\/p>\n<p><input class=\"wpcf7-form-control wpcf7-submit has-spinner\" type=\"submit\" value=\"Po\u0161lji\" \/>\n<\/p><div class=\"wpcf7-response-output\" aria-hidden=\"true\"><\/div>\n<\/form>\n<\/div>\n[vc_empty_space height=&#8221;30px&#8221;][\/vc_column][vc_column width=&#8221;1\/6&#8243;][\/vc_column][\/vc_row][vc_row][vc_column][vc_empty_space][\/vc_column][\/vc_row][vc_row][vc_column][vc_row el_class=\"sp-employees-row\"][vc_column][vc_column_text]\r\n<h2 style=\"text-align: center;\">Na\u0161a ekipa<\/h2>\r\n<p style=\"text-align: center;\">Imate vpra\u0161anja? Obrnite se na kogar koli v na\u0161i ekipi in z veseljem vam bomo pomagali.<\/p>\r\n[\/vc_column_text]\n   \n    <div class=\"employees-wrap\">\n\n\n      \n              <div class=\"employee-card\">\n                <div>\n                  <img decoding=\"async\" src=\"https:\/\/www.modularis-drive.com\/wp-content\/uploads\/2023\/12\/tjasa1-scaled.jpg\" alt=\"\">\n                  <div>\n                    <h4 class=\"\"><b>Tja\u0161a Penica<\/b><\/h4>\n                    <p class=\"\">Prodaja in marketing<\/p>\n                                      <\/div>\n                  <a href=\"&#x6d;a&#x69;&#108;t&#x6f;:&#x74;&#x6a;a&#x73;&#97;&#64;&#x6d;o&#x64;&#117;l&#x61;&#114;i&#x73;-&#x64;&#114;i&#x76;e&#x2e;&#x63;o&#x6d;\">\n                          <span>\n                                <span class='inner-contents'>t&#x6a;as&#x61;&#64;m&#x6f;d&#117;&#x6c;a&#114;&#x69;s&#45;&#x64;r&#105;&#x76;e&#46;&#x63;o&#109;<\/span>\n                          <\/span>\n                  <\/a>\n                  \t\n                        <a href=\"tel:+386 40 765 764\">\n                                <span>\n                                      <span class='hide-mobile'><\/span><span class='inner-contents'>040 765 764<\/span>\n                                <\/span>\n                          <\/a>\n                                  <\/div>\n              <\/div>\n              \n\n    \n              <div class=\"employee-card\">\n                <div>\n                  <img decoding=\"async\" src=\"https:\/\/www.modularis-drive.com\/wp-content\/uploads\/2023\/12\/tina-scaled.jpg\" alt=\"\">\n                  <div>\n                    <h4 class=\"\"><b>Tina Pov\u0161e<\/b><\/h4>\n                    <p class=\"\">Prodaja<\/p>\n                                      <\/div>\n                  <a href=\"&#x6d;a&#x69;&#x6c;t&#x6f;&#58;t&#x69;&#110;a&#x40;m&#x6f;&#x64;u&#x6c;&#97;r&#x69;&#115;-&#x64;r&#x69;&#x76;e&#x2e;&#x63;o&#x6d;\">\n                          <span>\n                                <span class='inner-contents'>&#x74;&#x69;&#x6e;&#97;&#64;mo&#x64;&#x75;&#x6c;&#x61;&#114;is-&#x64;&#x72;&#x69;&#118;&#101;.co&#x6d;<\/span>\n                          <\/span>\n                  <\/a>\n                  \t\n                        <a href=\"tel:+386 41 889 265\">\n                                <span>\n                                      <span class='hide-mobile'><\/span><span class='inner-contents'>041 889 265<\/span>\n                                <\/span>\n                          <\/a>\n                                  <\/div>\n              <\/div>\n              \n\n    \n              <div class=\"employee-card\">\n                <div>\n                  <img decoding=\"async\" src=\"https:\/\/www.modularis-drive.com\/wp-content\/uploads\/2023\/12\/lenart-scaled.jpg\" alt=\"\">\n                  <div>\n                    <h4 class=\"\"><b>Lenart Petek<\/b><\/h4>\n                    <p class=\"\">Vodja servisa & tehni\u010dna podpora<\/p>\n                                      <\/div>\n                  <a href=\"&#109;&#x61;i&#x6c;t&#x6f;:&#108;&#x65;n&#x61;r&#x74;&#64;&#109;&#x6f;d&#x75;l&#x61;r&#105;&#x73;-&#x64;r&#x69;v&#101;&#x2e;c&#x6f;m\">\n                          <span>\n                                <span class='inner-contents'>&#x6c;&#101;n&#x61;&#114;t&#x40;&#x6d;o&#x64;&#x75;&#108;a&#x72;&#105;s&#x2d;&#x64;r&#x69;&#x76;&#101;.&#x63;&#111;m<\/span>\n                          <\/span>\n                  <\/a>\n                  \t\n                        <a href=\"tel:+386 40 236 717\">\n                                <span>\n                                      <span class='hide-mobile'><\/span><span class='inner-contents'>040 236 717<\/span>\n                                <\/span>\n                          <\/a>\n                                  <\/div>\n              <\/div>\n              \n\n    \n              <div class=\"employee-card\">\n                <div>\n                  <img decoding=\"async\" src=\"https:\/\/www.modularis-drive.com\/wp-content\/uploads\/2023\/12\/sebastjan-scaled.jpg\" alt=\"\">\n                  <div>\n                    <h4 class=\"\"><b>Sebastjan Jeromel<\/b><\/h4>\n                    <p class=\"\">Specialist za razvoj blagovne znamke<\/p>\n                                      <\/div>\n                  <a href=\"m&#97;&#x69;&#x6c;t&#111;&#x3a;&#x73;e&#98;&#x61;&#x73;tj&#x61;&#x6e;&#64;m&#x6f;&#x64;ul&#97;&#x72;&#x69;s&#45;&#x64;&#x72;i&#118;&#x65;&#x2e;c&#111;&#x6d;\">\n                          <span>\n                                <span class='inner-contents'>&#x73;&#101;b&#x61;&#x73;&#116;j&#x61;&#x6e;&#64;m&#x6f;&#x64;&#117;l&#x61;&#x72;&#105;s&#x2d;&#x64;&#114;i&#x76;&#x65;&#46;c&#x6f;&#x6d;<\/span>\n                          <\/span>\n                  <\/a>\n                  \t\n                        <a href=\"tel:+386 40 765 766\">\n                                <span>\n                                      <span class='hide-mobile'><\/span><span class='inner-contents'>040 765 766<\/span>\n                                <\/span>\n                          <\/a>\n                                  <\/div>\n              <\/div>\n              \n\n    \n\n    <\/div>\n    \n\n       [\/vc_column][\/vc_row][\/vc_column][\/vc_row][vc_row][vc_column][vc_empty_space][\/vc_column][\/vc_row][vc_row full_width=&#8221;stretch_row_content_no_spaces&#8221; el_class=&#8221;sp-kontakt-sec-3&#8243;][vc_column][vc_gmaps link=&#8221;#E-8_JTNDaWZyYW1lJTIwc3JjJTNEJTIyaHR0cHMlM0ElMkYlMkZ3d3cuZ29vZ2xlLmNvbSUyRm1hcHMlMkZlbWJlZCUzRnBiJTNEJTIxMW0xNCUyMTFtOCUyMTFtMyUyMTFkMjkzOTc4Ljk5OTY4MzYzODE2JTIxMmQxNC42NjI1Mzg4MDQwMzI0MTUlMjEzZDQ2LjAxMTM1MjA1MjI1ODU5NCUyMTNtMiUyMTFpMTAyNCUyMTJpNzY4JTIxNGYxMy4xJTIxM20zJTIxMW0yJTIxMXMweDQ3NjUzYzVkZDQxY2VhNDclMjUzQTB4NzdiMTE3NGM1NzZmNmUyZCUyMTJzTW9kdWxhcmlzJTI1MjB0ZWglMjUyQyUyNTIwdHJnb3ZpbmElMjUyMG5hJTI1MjBkZWJlbG8lMjUyMHolMjUyMGRydWdpbWklMjUyMG5hcHJhdmFtaSUyNTIwaW4lMjUyMG9wcmVtbyUyNTJDJTI1MjBkLm8uby4lMjE1ZTAlMjEzbTIlMjExc3NsJTIxMnNkZSUyMTR2MTcwMTY3NzI4OTc1NyUyMTVtMiUyMTFzc2wlMjEyc2RlJTIyJTIwd2lkdGglM0QlMjI2MDAlMjIlMjBoZWlnaHQlM0QlMjI0NTAlMjIlMjBzdHlsZSUzRCUyMmJvcmRlciUzQTAlM0IlMjIlMjBhbGxvd2Z1bGxzY3JlZW4lM0QlMjIlMjIlMjBsb2FkaW5nJTNEJTIybGF6eSUyMiUyMHJlZmVycmVycG9saWN5JTNEJTIybm8tcmVmZXJyZXItd2hlbi1kb3duZ3JhZGUlMjIlM0UlM0MlMkZpZnJhbWUlM0U=&#8221;][\/vc_column][\/vc_row]<\/p>\n<\/div>","protected":false},"excerpt":{"rendered":"<p>[vc_row full_width=&#8221;stretch_row_content_no_spaces&#8221; el_class=&#8221;sp-page-title&#8221;][vc_column][\/vc_column][\/vc_row][vc_row el_class=&#8221;sp-kontakt-sec-1&#8243;][vc_column width=&#8221;1\/6&#8243;][\/vc_column][vc_column width=&#8221;2\/3&#8243;][vc_row_inner][vc_column_inner width=&#8221;1\/3&#8243;][\/vc_column_inner][vc_column_inner width=&#8221;2\/3&#8243;][\/vc_column_inner][\/vc_row_inner][vc_empty_space height=&#8221;10px&#8221;][vc_empty_space height=&#8221;30px&#8221;][\/vc_column][vc_column width=&#8221;1\/6&#8243;][\/vc_column][\/vc_row][vc_row][vc_column][vc_empty_space][\/vc_column][\/vc_row][vc_row][vc_column][\/vc_column][\/vc_row][vc_row][vc_column][vc_empty_space][\/vc_column][\/vc_row][vc_row full_width=&#8221;stretch_row_content_no_spaces&#8221; el_class=&#8221;sp-kontakt-sec-3&#8243;][vc_column][vc_gmaps link=&#8221;#E-8_JTNDaWZyYW1lJTIwc3JjJTNEJTIyaHR0cHMlM0ElMkYlMkZ3d3cuZ29vZ2xlLmNvbSUyRm1hcHMlMkZlbWJlZCUzRnBiJTNEJTIxMW0xNCUyMTFtOCUyMTFtMyUyMTFkMjkzOTc4Ljk5OTY4MzYzODE2JTIxMmQxNC42NjI1Mzg4MDQwMzI0MTUlMjEzZDQ2LjAxMTM1MjA1MjI1ODU5NCUyMTNtMiUyMTFpMTAyNCUyMTJpNzY4JTIxNGYxMy4xJTIxM20zJTIxMW0yJTIxMXMweDQ3NjUzYzVkZDQxY2VhNDclMjUzQTB4NzdiMTE3NGM1NzZmNmUyZCUyMTJzTW9kdWxhcmlzJTI1MjB0ZWglMjUyQyUyNTIwdHJnb3ZpbmElMjUyMG5hJTI1MjBkZWJlbG8lMjUyMHolMjUyMGRydWdpbWklMjUyMG5hcHJhdmFtaSUyNTIwaW4lMjUyMG9wcmVtbyUyNTJDJTI1MjBkLm8uby4lMjE1ZTAlMjEzbTIlMjExc3NsJTIxMnNkZSUyMTR2MTcwMTY3NzI4OTc1NyUyMTVtMiUyMTFzc2wlMjEyc2RlJTIyJTIwd2lkdGglM0QlMjI2MDAlMjIlMjBoZWlnaHQlM0QlMjI0NTAlMjIlMjBzdHlsZSUzRCUyMmJvcmRlciUzQTAlM0IlMjIlMjBhbGxvd2Z1bGxzY3JlZW4lM0QlMjIlMjIlMjBsb2FkaW5nJTNEJTIybGF6eSUyMiUyMHJlZmVycmVycG9saWN5JTNEJTIybm8tcmVmZXJyZXItd2hlbi1kb3duZ3JhZGUlMjIlM0UlM0MlMkZpZnJhbWUlM0U=&#8221;][\/vc_column][\/vc_row]<\/p>\n","protected":false},"author":1,"featured_media":0,"parent":0,"menu_order":11,"comment_status":"closed","ping_status":"closed","template":"","meta":{"footnotes":""},"class_list":["post-1987","page","type-page","status-publish","hentry"],"_links":{"self":[{"href":"https:\/\/www.modularis-drive.com\/sl\/wp-json\/wp\/v2\/pages\/1987","targetHints":{"allow":["GET"]}}],"collection":[{"href":"https:\/\/www.modularis-drive.com\/sl\/wp-json\/wp\/v2\/pages"}],"about":[{"href":"https:\/\/www.modularis-drive.com\/sl\/wp-json\/wp\/v2\/types\/page"}],"author":[{"embeddable":true,"href":"https:\/\/www.modularis-drive.com\/sl\/wp-json\/wp\/v2\/users\/1"}],"replies":[{"embeddable":true,"href":"https:\/\/www.modularis-drive.com\/sl\/wp-json\/wp\/v2\/comments?post=1987"}],"version-history":[{"count":0,"href":"https:\/\/www.modularis-drive.com\/sl\/wp-json\/wp\/v2\/pages\/1987\/revisions"}],"wp:attachment":[{"href":"https:\/\/www.modularis-drive.com\/sl\/wp-json\/wp\/v2\/media?parent=1987"}],"curies":[{"name":"wp","href":"https:\/\/api.w.org\/{rel}","templated":true}]}}