{"id":4645,"date":"2023-11-24T10:05:12","date_gmt":"2023-11-24T09:05:12","guid":{"rendered":"https:\/\/www.modularis-drive.com\/?page_id=4645"},"modified":"2024-06-13T23:14:00","modified_gmt":"2024-06-13T21:14:00","slug":"izdelki","status":"publish","type":"page","link":"https:\/\/www.modularis-drive.com\/sl\/izdelki\/","title":{"rendered":"Izdelki"},"content":{"rendered":"<div class=\"wpb-content-wrapper\"><p>[vc_row full_width=&#8221;stretch_row_content_no_spaces&#8221; el_class=&#8221;sp-page-title&#8221;][vc_column]\t\t\n\t\t<div class=\"title-banner\" style=\"background-image: linear-gradient(rgba(29, 30, 33, 0.85),rgba(29, 30, 33, 0.85)),url(https:\/\/www.modularis-drive.com\/wp-content\/uploads\/2024\/02\/nevtralni-background.jpg);\">\n\t\t\t<div class=\"container\">\n\t\t\t\t<div class=\"breadcrumbs-container\">\n\t\t\t\t\t\t<div class=\"breadcrumbs\">\n\t\t\t\t\t\t\t\n\t<ul class=\"ns-breadcrumbs\">\n\t\t\t<li><a href=\"https:\/\/www.modularis-drive.com\/sl\/\">Domov<\/a><\/li>\n\t\t\t\t<li>Izdelki<\/li>\n\t<\/ul>\n\t\n\t\t\t\t\t\t\t\t<div class=\"clearfix\"><\/div>\n\t\t\t\t\t\t<\/div>\n\t\t\t\t<\/div>\n\t\t\t\t<h1 class=\"entry-title\">Izdelki<\/h1>\n\t\t\t\t\t\t\t\t\t<p class=\"title-short-desc\">Z na\u0161imi orodji bo va\u0161 stroj postal ve\u010dnamenski in bolj uporaben. Konstrukcija ve\u010dnamenskih grabe\u017eev MODULARIS je zasnovana tako, da popolnoma za\u0161\u010diti mehanizem in hidravli\u010dni sistem.<\/p>\n\t\t\t\t\t\t\t<\/div>\n\t\t<\/div>\n\n\t\t[\/vc_column][\/vc_row][vc_row full_width=&#8221;stretch_row&#8221; el_class=&#8221;hsec3 sp-hsec3&#8243;][vc_column]          \n\n\n      \n                \n                \n\n    \n    \n        \n        \n                  <div class=\"subcat-wrap subcat-wrap-slider subcat-wrap-products\" id=\"6a090654bc5d6\">\n    \n\n                        <div class=\"subcat-cont\">\n              <a href=\"https:\/\/www.modularis-drive.com\/sl\/izdelki\/modularni-prikljucki\/\" class=\"subcat-item\">\n                <div>\n                    <div class=\"secondary-image\">\n                      <img decoding=\"async\" src=\"https:\/\/www.modularis-drive.com\/wp-content\/uploads\/2023\/12\/modular-attachments.png\" alt=\"\">\n                    <\/div>\n                    <div class=\"image\">\n                      <img decoding=\"async\" src=\"https:\/\/www.modularis-drive.com\/wp-content\/uploads\/2024\/02\/modular-ozadje.jpg\">\n                      <div class=\"svg\"><svg width=\"90\" height=\"58\" viewBox=\"0 0 90 58\" fill=\"none\" xmlns=\"http:\/\/www.w3.org\/2000\/svg\"><path d=\"M88.2621 13.9962C86.517 13.4962 87.0156 13.9962 85.0212 14.4962C83.2761 14.9962 80.2845 15.4962 78.7887 15.9962C78.2901 16.2462 77.7915 16.4962 77.2929 16.4962C75.0492 17.2462 72.0576 18.2462 69.8139 18.9962C60.8391 21.2462 58.0968 21.9962 48.8727 17.4962C44.136 15.2462 40.1472 12.9962 34.6626 11.4962C31.4217 10.4962 26.9343 9.99623 23.9427 8.74623C20.7018 7.24623 19.7046 4.74623 17.7103 2.74623C15.4666 0.496232 12.2257 -0.503768 9.23406 0.246232C7.73826 0.746232 6.74106 1.24623 4.99597 1.24623C3.50017 1.24623 1.50577 -0.00376794 0.259272 0.246232C0.259272 0.246232 0.259272 0.246232 0.00997199 0.246232C0.00997199 0.246232 0.00997199 0.246232 0.00997199 0.496232C0.00997199 0.746232 -0.239328 1.49623 1.75507 2.24623C2.75227 2.49623 2.50297 2.49623 3.00157 2.99623C3.25087 3.49623 3.74947 3.74623 3.99877 4.24623C6.99036 7.99623 5.74387 12.2462 6.24246 16.2462C6.49176 18.4962 6.99036 20.2462 7.48896 22.2462C9.23406 27.2462 14.4694 32.7462 19.9539 34.9962C22.1976 35.9962 24.6906 36.9962 26.9343 37.4962C28.4301 37.7462 29.4273 37.4962 30.9231 37.9962C30.9231 38.4962 31.1724 38.7462 30.6738 39.2462C29.4273 40.9962 25.4385 39.4962 24.6906 39.4962C23.9427 39.4962 22.9455 39.2462 22.1976 39.4962C21.699 40.7462 21.699 42.4962 22.1976 43.2462C23.1948 42.4962 22.9455 40.2462 25.9371 40.7462C28.1808 40.9962 28.9287 42.4962 30.4245 43.2462C30.1752 42.7462 30.1752 43.2462 29.9259 41.9962C29.9259 41.4962 29.9259 40.9962 29.9259 40.2462C30.4245 40.2462 32.6682 39.9962 33.1668 40.2462C33.9147 40.4962 34.9119 41.7462 35.6598 42.2462C35.4105 42.9962 33.6654 44.7462 32.9175 45.7462C29.4273 51.2462 28.6794 48.4962 25.6878 48.9962C23.6934 49.2462 22.9455 49.9962 23.1948 51.7462C23.4441 51.2462 23.4441 51.4962 23.4441 51.4962L24.4413 51.7462C23.9427 53.4962 23.9427 53.9962 24.6906 55.4962C24.9399 55.9962 26.1864 57.2462 26.685 57.4962C26.4357 57.2462 25.4385 53.7462 27.9315 51.7462C29.178 50.7462 28.9287 51.2462 30.6738 50.9962C30.9231 50.4962 31.1724 49.9962 31.4217 49.4962C31.4217 49.4962 31.4217 49.2462 31.671 49.2462L31.9203 48.9962C32.9175 47.2462 34.9119 44.7462 36.1584 43.7462C36.657 43.4962 36.9063 42.9962 37.4049 42.7462C39.3993 41.4962 38.9007 41.7462 40.6458 38.2462C43.3881 37.9962 47.1276 36.2462 49.3713 34.9962C50.3685 34.4962 52.6122 32.9962 53.6094 32.9962C55.3545 32.9962 57.3489 33.2462 59.094 33.2462C58.8447 32.7462 58.3461 32.2462 58.0968 31.9962C57.3489 31.4962 56.8503 31.4962 56.601 30.9962C57.5982 29.7462 59.3433 28.9962 60.5898 28.4962C62.0856 27.9962 63.8307 27.4962 65.0772 26.9962C66.0744 26.4962 67.5702 25.7462 68.3181 25.4962C68.8167 25.2462 69.066 25.4962 69.5646 25.2462C71.559 24.9962 81.2817 22.2462 83.7747 21.4962C87.5142 20.4962 88.5114 19.9962 89.2593 16.7462C89.5086 16.2462 89.5086 15.7462 89.2593 15.2462C89.2593 14.9962 89.01 14.7462 89.01 14.7462C88.5114 14.2462 88.5114 14.2462 88.2621 13.9962Z\" fill=\"white\"\/><\/svg><\/div>\n                      <div class=\"text\">\n                        <h4>Modularni priklju\u010dki<\/h4>\n                        <p>Vsestranska orodja, ki jih je enostavno nadgraditi in nudijo ve\u010d kot 100 razli\u010dnih funkcij.<\/p>\n                        <button href=\"https:\/\/www.modularis-drive.com\/sl\/izdelki\/modularni-prikljucki\/\" class=\"subcat-item btn  btn-default btn-lg btn1\">\n                        Poglej modularne priklju\u010dke<\/button> \n                      <\/div>\n                    <\/div>\n                <\/div>\n              <\/a>\n            <\/div>\n                        <div class=\"subcat-cont\">\n              <a href=\"https:\/\/www.modularis-drive.com\/sl\/izdelki\/standardni-prikljucki\/\" class=\"subcat-item\">\n                <div>\n                    <div class=\"secondary-image\">\n                      <img decoding=\"async\" src=\"https:\/\/www.modularis-drive.com\/wp-content\/uploads\/2023\/12\/standard-attachment.png\" alt=\"\">\n                    <\/div>\n                    <div class=\"image\">\n                      <img decoding=\"async\" src=\"https:\/\/www.modularis-drive.com\/wp-content\/uploads\/2024\/02\/rake.jpg\">\n                      <div class=\"svg\"><svg width=\"90\" height=\"58\" viewBox=\"0 0 90 58\" fill=\"none\" xmlns=\"http:\/\/www.w3.org\/2000\/svg\"><path d=\"M88.2621 13.9962C86.517 13.4962 87.0156 13.9962 85.0212 14.4962C83.2761 14.9962 80.2845 15.4962 78.7887 15.9962C78.2901 16.2462 77.7915 16.4962 77.2929 16.4962C75.0492 17.2462 72.0576 18.2462 69.8139 18.9962C60.8391 21.2462 58.0968 21.9962 48.8727 17.4962C44.136 15.2462 40.1472 12.9962 34.6626 11.4962C31.4217 10.4962 26.9343 9.99623 23.9427 8.74623C20.7018 7.24623 19.7046 4.74623 17.7103 2.74623C15.4666 0.496232 12.2257 -0.503768 9.23406 0.246232C7.73826 0.746232 6.74106 1.24623 4.99597 1.24623C3.50017 1.24623 1.50577 -0.00376794 0.259272 0.246232C0.259272 0.246232 0.259272 0.246232 0.00997199 0.246232C0.00997199 0.246232 0.00997199 0.246232 0.00997199 0.496232C0.00997199 0.746232 -0.239328 1.49623 1.75507 2.24623C2.75227 2.49623 2.50297 2.49623 3.00157 2.99623C3.25087 3.49623 3.74947 3.74623 3.99877 4.24623C6.99036 7.99623 5.74387 12.2462 6.24246 16.2462C6.49176 18.4962 6.99036 20.2462 7.48896 22.2462C9.23406 27.2462 14.4694 32.7462 19.9539 34.9962C22.1976 35.9962 24.6906 36.9962 26.9343 37.4962C28.4301 37.7462 29.4273 37.4962 30.9231 37.9962C30.9231 38.4962 31.1724 38.7462 30.6738 39.2462C29.4273 40.9962 25.4385 39.4962 24.6906 39.4962C23.9427 39.4962 22.9455 39.2462 22.1976 39.4962C21.699 40.7462 21.699 42.4962 22.1976 43.2462C23.1948 42.4962 22.9455 40.2462 25.9371 40.7462C28.1808 40.9962 28.9287 42.4962 30.4245 43.2462C30.1752 42.7462 30.1752 43.2462 29.9259 41.9962C29.9259 41.4962 29.9259 40.9962 29.9259 40.2462C30.4245 40.2462 32.6682 39.9962 33.1668 40.2462C33.9147 40.4962 34.9119 41.7462 35.6598 42.2462C35.4105 42.9962 33.6654 44.7462 32.9175 45.7462C29.4273 51.2462 28.6794 48.4962 25.6878 48.9962C23.6934 49.2462 22.9455 49.9962 23.1948 51.7462C23.4441 51.2462 23.4441 51.4962 23.4441 51.4962L24.4413 51.7462C23.9427 53.4962 23.9427 53.9962 24.6906 55.4962C24.9399 55.9962 26.1864 57.2462 26.685 57.4962C26.4357 57.2462 25.4385 53.7462 27.9315 51.7462C29.178 50.7462 28.9287 51.2462 30.6738 50.9962C30.9231 50.4962 31.1724 49.9962 31.4217 49.4962C31.4217 49.4962 31.4217 49.2462 31.671 49.2462L31.9203 48.9962C32.9175 47.2462 34.9119 44.7462 36.1584 43.7462C36.657 43.4962 36.9063 42.9962 37.4049 42.7462C39.3993 41.4962 38.9007 41.7462 40.6458 38.2462C43.3881 37.9962 47.1276 36.2462 49.3713 34.9962C50.3685 34.4962 52.6122 32.9962 53.6094 32.9962C55.3545 32.9962 57.3489 33.2462 59.094 33.2462C58.8447 32.7462 58.3461 32.2462 58.0968 31.9962C57.3489 31.4962 56.8503 31.4962 56.601 30.9962C57.5982 29.7462 59.3433 28.9962 60.5898 28.4962C62.0856 27.9962 63.8307 27.4962 65.0772 26.9962C66.0744 26.4962 67.5702 25.7462 68.3181 25.4962C68.8167 25.2462 69.066 25.4962 69.5646 25.2462C71.559 24.9962 81.2817 22.2462 83.7747 21.4962C87.5142 20.4962 88.5114 19.9962 89.2593 16.7462C89.5086 16.2462 89.5086 15.7462 89.2593 15.2462C89.2593 14.9962 89.01 14.7462 89.01 14.7462C88.5114 14.2462 88.5114 14.2462 88.2621 13.9962Z\" fill=\"white\"\/><\/svg><\/div>\n                      <div class=\"text\">\n                        <h4>Standardni priklju\u010dki<\/h4>\n                        <p>Namenska orodja za la\u017eje delo v gozdarstvu, kmetijstvu in gradbeni\u0161tvu.<\/p>\n                        <button href=\"https:\/\/www.modularis-drive.com\/sl\/izdelki\/standardni-prikljucki\/\" class=\"subcat-item btn  btn-default btn-lg btn1\">\n                        Poglej standardne priklju\u010dke<\/button> \n                      <\/div>\n                    <\/div>\n                <\/div>\n              <\/a>\n            <\/div>\n                        <div class=\"subcat-cont\">\n              <a href=\"https:\/\/www.modularis-drive.com\/sl\/izdelki\/mesalne-zlice-za-beton\/\" class=\"subcat-item\">\n                <div>\n                    <div class=\"secondary-image\">\n                      <img decoding=\"async\" src=\"https:\/\/www.modularis-drive.com\/wp-content\/uploads\/2023\/12\/concreat-mixing-bucket.png\" alt=\"\">\n                    <\/div>\n                    <div class=\"image\">\n                      <img decoding=\"async\" src=\"https:\/\/www.modularis-drive.com\/wp-content\/uploads\/2024\/02\/mmb.jpg\">\n                      <div class=\"svg\"><svg width=\"90\" height=\"58\" viewBox=\"0 0 90 58\" fill=\"none\" xmlns=\"http:\/\/www.w3.org\/2000\/svg\"><path d=\"M88.2621 13.9962C86.517 13.4962 87.0156 13.9962 85.0212 14.4962C83.2761 14.9962 80.2845 15.4962 78.7887 15.9962C78.2901 16.2462 77.7915 16.4962 77.2929 16.4962C75.0492 17.2462 72.0576 18.2462 69.8139 18.9962C60.8391 21.2462 58.0968 21.9962 48.8727 17.4962C44.136 15.2462 40.1472 12.9962 34.6626 11.4962C31.4217 10.4962 26.9343 9.99623 23.9427 8.74623C20.7018 7.24623 19.7046 4.74623 17.7103 2.74623C15.4666 0.496232 12.2257 -0.503768 9.23406 0.246232C7.73826 0.746232 6.74106 1.24623 4.99597 1.24623C3.50017 1.24623 1.50577 -0.00376794 0.259272 0.246232C0.259272 0.246232 0.259272 0.246232 0.00997199 0.246232C0.00997199 0.246232 0.00997199 0.246232 0.00997199 0.496232C0.00997199 0.746232 -0.239328 1.49623 1.75507 2.24623C2.75227 2.49623 2.50297 2.49623 3.00157 2.99623C3.25087 3.49623 3.74947 3.74623 3.99877 4.24623C6.99036 7.99623 5.74387 12.2462 6.24246 16.2462C6.49176 18.4962 6.99036 20.2462 7.48896 22.2462C9.23406 27.2462 14.4694 32.7462 19.9539 34.9962C22.1976 35.9962 24.6906 36.9962 26.9343 37.4962C28.4301 37.7462 29.4273 37.4962 30.9231 37.9962C30.9231 38.4962 31.1724 38.7462 30.6738 39.2462C29.4273 40.9962 25.4385 39.4962 24.6906 39.4962C23.9427 39.4962 22.9455 39.2462 22.1976 39.4962C21.699 40.7462 21.699 42.4962 22.1976 43.2462C23.1948 42.4962 22.9455 40.2462 25.9371 40.7462C28.1808 40.9962 28.9287 42.4962 30.4245 43.2462C30.1752 42.7462 30.1752 43.2462 29.9259 41.9962C29.9259 41.4962 29.9259 40.9962 29.9259 40.2462C30.4245 40.2462 32.6682 39.9962 33.1668 40.2462C33.9147 40.4962 34.9119 41.7462 35.6598 42.2462C35.4105 42.9962 33.6654 44.7462 32.9175 45.7462C29.4273 51.2462 28.6794 48.4962 25.6878 48.9962C23.6934 49.2462 22.9455 49.9962 23.1948 51.7462C23.4441 51.2462 23.4441 51.4962 23.4441 51.4962L24.4413 51.7462C23.9427 53.4962 23.9427 53.9962 24.6906 55.4962C24.9399 55.9962 26.1864 57.2462 26.685 57.4962C26.4357 57.2462 25.4385 53.7462 27.9315 51.7462C29.178 50.7462 28.9287 51.2462 30.6738 50.9962C30.9231 50.4962 31.1724 49.9962 31.4217 49.4962C31.4217 49.4962 31.4217 49.2462 31.671 49.2462L31.9203 48.9962C32.9175 47.2462 34.9119 44.7462 36.1584 43.7462C36.657 43.4962 36.9063 42.9962 37.4049 42.7462C39.3993 41.4962 38.9007 41.7462 40.6458 38.2462C43.3881 37.9962 47.1276 36.2462 49.3713 34.9962C50.3685 34.4962 52.6122 32.9962 53.6094 32.9962C55.3545 32.9962 57.3489 33.2462 59.094 33.2462C58.8447 32.7462 58.3461 32.2462 58.0968 31.9962C57.3489 31.4962 56.8503 31.4962 56.601 30.9962C57.5982 29.7462 59.3433 28.9962 60.5898 28.4962C62.0856 27.9962 63.8307 27.4962 65.0772 26.9962C66.0744 26.4962 67.5702 25.7462 68.3181 25.4962C68.8167 25.2462 69.066 25.4962 69.5646 25.2462C71.559 24.9962 81.2817 22.2462 83.7747 21.4962C87.5142 20.4962 88.5114 19.9962 89.2593 16.7462C89.5086 16.2462 89.5086 15.7462 89.2593 15.2462C89.2593 14.9962 89.01 14.7462 89.01 14.7462C88.5114 14.2462 88.5114 14.2462 88.2621 13.9962Z\" fill=\"white\"\/><\/svg><\/div>\n                      <div class=\"text\">\n                        <h4>Me\u0161alne \u017elice (kible) za beton<\/h4>\n                        <p>Zagotovljena vrhunska kakovost betona s patentiranim sistemom kri\u017enega me\u0161anja.<\/p>\n                        <button href=\"https:\/\/www.modularis-drive.com\/sl\/izdelki\/mesalne-zlice-za-beton\/\" class=\"subcat-item btn  btn-default btn-lg btn1\">\n                        Poglej me\u0161alne \u017elice (kible) za beton<\/button> \n                      <\/div>\n                    <\/div>\n                <\/div>\n              <\/a>\n            <\/div>\n                    <\/div>\n        \n\n\n                \n        \n    \n        [vc_empty_space height=&#8221;55px&#8221;][\/vc_column][\/vc_row]<\/p>\n<\/div>","protected":false},"excerpt":{"rendered":"<p>[vc_row full_width=&#8221;stretch_row_content_no_spaces&#8221; el_class=&#8221;sp-page-title&#8221;][vc_column][\/vc_column][\/vc_row][vc_row full_width=&#8221;stretch_row&#8221; el_class=&#8221;hsec3 sp-hsec3&#8243;][vc_column][vc_empty_space height=&#8221;55px&#8221;][\/vc_column][\/vc_row]<\/p>\n","protected":false},"author":1,"featured_media":0,"parent":0,"menu_order":4,"comment_status":"closed","ping_status":"closed","template":"","meta":{"footnotes":""},"class_list":["post-4645","page","type-page","status-publish","hentry"],"_links":{"self":[{"href":"https:\/\/www.modularis-drive.com\/sl\/wp-json\/wp\/v2\/pages\/4645","targetHints":{"allow":["GET"]}}],"collection":[{"href":"https:\/\/www.modularis-drive.com\/sl\/wp-json\/wp\/v2\/pages"}],"about":[{"href":"https:\/\/www.modularis-drive.com\/sl\/wp-json\/wp\/v2\/types\/page"}],"author":[{"embeddable":true,"href":"https:\/\/www.modularis-drive.com\/sl\/wp-json\/wp\/v2\/users\/1"}],"replies":[{"embeddable":true,"href":"https:\/\/www.modularis-drive.com\/sl\/wp-json\/wp\/v2\/comments?post=4645"}],"version-history":[{"count":0,"href":"https:\/\/www.modularis-drive.com\/sl\/wp-json\/wp\/v2\/pages\/4645\/revisions"}],"wp:attachment":[{"href":"https:\/\/www.modularis-drive.com\/sl\/wp-json\/wp\/v2\/media?parent=4645"}],"curies":[{"name":"wp","href":"https:\/\/api.w.org\/{rel}","templated":true}]}}