{"id":6783,"date":"2024-02-13T11:56:13","date_gmt":"2024-02-13T10:56:13","guid":{"rendered":"https:\/\/www.modularis-drive.com\/thank-you\/"},"modified":"2024-07-17T14:53:10","modified_gmt":"2024-07-17T12:53:10","slug":"najlepsa-hvala","status":"publish","type":"page","link":"https:\/\/www.modularis-drive.com\/sl\/najlepsa-hvala\/","title":{"rendered":"Najlep\u0161a hvala!"},"content":{"rendered":"<div class=\"wpb-content-wrapper\"><p>[vc_row full_width=&#8221;stretch_row_content_no_spaces&#8221; el_class=&#8221;sp-page-title&#8221;][vc_column]\t\t\n\t\t<div class=\"title-banner\" style=\"background-image: linear-gradient(rgba(29, 30, 33, 0.85),rgba(29, 30, 33, 0.85)),url(https:\/\/www.modularis-drive.com\/wp-content\/uploads\/2024\/02\/nevtralni-background.jpg);\">\n\t\t\t<div class=\"container\">\n\t\t\t\t<div class=\"breadcrumbs-container\">\n\t\t\t\t\t\t<div class=\"breadcrumbs\">\n\t\t\t\t\t\t\t\n\t<ul class=\"ns-breadcrumbs\">\n\t\t\t<li><a href=\"https:\/\/www.modularis-drive.com\/sl\/\">Domov<\/a><\/li>\n\t\t\t\t<li>Najlep\u0161a hvala!<\/li>\n\t<\/ul>\n\t\n\t\t\t\t\t\t\t\t<div class=\"clearfix\"><\/div>\n\t\t\t\t\t\t<\/div>\n\t\t\t\t<\/div>\n\t\t\t\t<h1 class=\"entry-title\">Najlep\u0161a hvala!<\/h1>\n\t\t\t\t\t\t\t<\/div>\n\t\t<\/div>\n\n\t\t[\/vc_column][\/vc_row][vc_row][vc_column][vc_column_text]Najlep\u0161a hvala za va\u0161e povpra\u0161evanje in izra\u017eeno zanimanje. Ekipa Modularis se bo na va\u0161e sporo\u010dilo odzvala v najkraj\u0161em mo\u017enem \u010dasu.[\/vc_column_text][\/vc_column][\/vc_row][vc_row][vc_column]\t\t\n\t\t<a href=\"https:\/\/www.modularis-drive.com\/\" target=\"\" class=\"btn  btn-default btn-lg \" id=\"\">Nazaj na za\u010detno stran<\/a>\n\n\t\t[\/vc_column][\/vc_row]<\/p>\n<\/div>","protected":false},"excerpt":{"rendered":"<p>[vc_row full_width=&#8221;stretch_row_content_no_spaces&#8221; el_class=&#8221;sp-page-title&#8221;][vc_column][\/vc_column][\/vc_row][vc_row][vc_column][vc_column_text]Najlep\u0161a hvala za va\u0161e povpra\u0161evanje in izra\u017eeno zanimanje. Ekipa Modularis se bo na va\u0161e sporo\u010dilo odzvala v najkraj\u0161em mo\u017enem \u010dasu.[\/vc_column_text][\/vc_column][\/vc_row][vc_row][vc_column][\/vc_column][\/vc_row]<\/p>\n","protected":false},"author":2,"featured_media":0,"parent":0,"menu_order":2,"comment_status":"closed","ping_status":"closed","template":"","meta":{"footnotes":""},"class_list":["post-6783","page","type-page","status-publish","hentry"],"_links":{"self":[{"href":"https:\/\/www.modularis-drive.com\/sl\/wp-json\/wp\/v2\/pages\/6783","targetHints":{"allow":["GET"]}}],"collection":[{"href":"https:\/\/www.modularis-drive.com\/sl\/wp-json\/wp\/v2\/pages"}],"about":[{"href":"https:\/\/www.modularis-drive.com\/sl\/wp-json\/wp\/v2\/types\/page"}],"author":[{"embeddable":true,"href":"https:\/\/www.modularis-drive.com\/sl\/wp-json\/wp\/v2\/users\/2"}],"replies":[{"embeddable":true,"href":"https:\/\/www.modularis-drive.com\/sl\/wp-json\/wp\/v2\/comments?post=6783"}],"version-history":[{"count":1,"href":"https:\/\/www.modularis-drive.com\/sl\/wp-json\/wp\/v2\/pages\/6783\/revisions"}],"predecessor-version":[{"id":19588,"href":"https:\/\/www.modularis-drive.com\/sl\/wp-json\/wp\/v2\/pages\/6783\/revisions\/19588"}],"wp:attachment":[{"href":"https:\/\/www.modularis-drive.com\/sl\/wp-json\/wp\/v2\/media?parent=6783"}],"curies":[{"name":"wp","href":"https:\/\/api.w.org\/{rel}","templated":true}]}}